{"id":6885,"date":"2025-05-10T15:55:39","date_gmt":"2025-05-10T13:55:39","guid":{"rendered":"https:\/\/waldemarborowski.com\/?post_type=product&#038;p=6885"},"modified":"2026-04-14T04:52:08","modified_gmt":"2026-04-14T02:52:08","slug":"znikajacy-mural","status":"publish","type":"product","link":"https:\/\/waldemarborowski.com\/en\/produkt\/znikajacy-mural\/","title":{"rendered":"Znikaj\u0105cy mural"},"content":{"rendered":"<p>To prawdopodobnie jedyny mural w Polsce namalowany w fontannie. Dzi\u0119ki u\u017cytym farbom wida\u0107 go tylko wtedy, gdy jest w niej woda albo, gdy pada deszcz. Kluczowymi elementami dzie\u0142a s\u0105 Syrena i Tryton, a tematyka nawi\u0105zuje do pokoju na \u015bwiecie.<\/p>\n<p class=\"sc-aXZVgy sc-gEvEery ldavXXy dUmtgUy sc-blKGMRy sc-fHCFnoy bmmZgsy dEcKChy Paragraph TextBox\" data-paragraph=\"\">Znikaj\u0105cy mural powsta\u0142 na najwi\u0119kszej fontannie na placu Europejskim, pojawia si\u0119 w momencie zetkni\u0119cia z wod\u0105, czyli po w\u0142\u0105czeniu fontanny lub w trakcie deszczu. Projekt zosta\u0142 zrealizowany z inicjatywy IMMOFINANZ &#8211; w\u0142a\u015bciciela wie\u017cy myhive w kompleksie Warsaw Spire oraz CA Immo &#8211; w\u0142a\u015bciciela dw\u00f3ch ni\u017cszych Warsaw Spire. Za realizacj\u0119 odpowiedzialni s\u0105 arty\u015bci zrzeszeni w fundacji sztuki Galeria Przechodnia.<\/p>\n<p class=\"sc-aXZVgy sc-gEvEery ldavXXy dUmtgUy sc-blKGMRy sc-fHCFnoy bmmZgsy dEcKChy Paragraph TextBox\" data-paragraph=\"\">Elemantami kluczowymi muralu s\u0105: Syrena i Tryton &#8211; u\u0142o\u017ceni w formie symbolu yin i yang, oznaczaj\u0105cego idealn\u0105 r\u00f3wnowag\u0119, po\u0142\u0105czenie dualizmu rzeczywisto\u015bci, porz\u0105dek oraz harmoni\u0119 rz\u0105dz\u0105ce ca\u0142ym wszech\u015bwiatem; Go\u0142\u0105bek Picasso &#8211; namalowany na Woli podczas wizyty malarza w Polsce; tekst piosenki zmar\u0142ego niedawno lidera zespo\u0142u Pogodno Jacka Budynia Szymkiewicza &#8220;Nie b\u00f3j si\u0119 deszczu \u2013 bo ja jestem deszczem&#8221; &#8211; nawi\u0105zuj\u0105cy do tematu muralu; s\u0142owa: &#8220;Uzdr\u00f3wmy \u015bwiat i sprawmy, aby by\u0142 lepszy&#8221; w pi\u0119ciu j\u0119zykach.<\/p>\n<p data-paragraph=\"\"><em>Uzdr\u00f3wmy \u015bwiat i sprawmy, aby by\u0142 lepszy &#8211; tekst-przes\u0142anie okalaj\u0105ce nasz mural ma na celu pokaza\u0107, \u017ce broni\u0105 artyst\u00f3w jest sztuka. W obecnej sytuacji na \u015bwiecie jest to jeden ze sposob\u00f3w zaprotestowania przeciwko z\u0142u. Uwa\u017camy, \u017ce zamiast walczy\u0107 i niszczy\u0107, lepiej jest tworzy\u0107 i malowa\u0107. Jeste\u015bmy zaszczyceni, \u017ce jako grupa artyst\u00f3w zrzeszonych w Galerii Przechodniej jeste\u015bmy odpowiedzialni za tak wyj\u0105tkowy i niespotykany projekt<\/em> &#8211; podkre\u015bla Tomasz Podsiad\u0142o, Prezes Fundacji Galeria Przechodnia.<\/p>\n","protected":false},"excerpt":{"rendered":"<p>Murale wielkoformatowe: gprzechodnia@gmail.com<\/p>\n<p>Przyk\u0142adowy mural, jaki jeste\u015bmy w stanie wykona\u0107 mo\u017cna zobaczy\u0107 na Placu Europejskim obok Warsaw Spire.<\/p>\n","protected":false},"featured_media":6888,"comment_status":"open","ping_status":"closed","template":"","meta":{"_acf_changed":false},"product_brand":[],"product_cat":[76],"product_tag":[],"class_list":{"0":"post-6885","1":"product","2":"type-product","3":"status-publish","4":"has-post-thumbnail","6":"product_cat-murale","8":"first","9":"instock","10":"taxable","11":"shipping-taxable","12":"product-type-simple"},"acf":[],"_links":{"self":[{"href":"https:\/\/waldemarborowski.com\/en\/wp-json\/wp\/v2\/product\/6885","targetHints":{"allow":["GET"]}}],"collection":[{"href":"https:\/\/waldemarborowski.com\/en\/wp-json\/wp\/v2\/product"}],"about":[{"href":"https:\/\/waldemarborowski.com\/en\/wp-json\/wp\/v2\/types\/product"}],"replies":[{"embeddable":true,"href":"https:\/\/waldemarborowski.com\/en\/wp-json\/wp\/v2\/comments?post=6885"}],"version-history":[{"count":2,"href":"https:\/\/waldemarborowski.com\/en\/wp-json\/wp\/v2\/product\/6885\/revisions"}],"predecessor-version":[{"id":7126,"href":"https:\/\/waldemarborowski.com\/en\/wp-json\/wp\/v2\/product\/6885\/revisions\/7126"}],"wp:featuredmedia":[{"embeddable":true,"href":"https:\/\/waldemarborowski.com\/en\/wp-json\/wp\/v2\/media\/6888"}],"wp:attachment":[{"href":"https:\/\/waldemarborowski.com\/en\/wp-json\/wp\/v2\/media?parent=6885"}],"wp:term":[{"taxonomy":"product_brand","embeddable":true,"href":"https:\/\/waldemarborowski.com\/en\/wp-json\/wp\/v2\/product_brand?post=6885"},{"taxonomy":"product_cat","embeddable":true,"href":"https:\/\/waldemarborowski.com\/en\/wp-json\/wp\/v2\/product_cat?post=6885"},{"taxonomy":"product_tag","embeddable":true,"href":"https:\/\/waldemarborowski.com\/en\/wp-json\/wp\/v2\/product_tag?post=6885"}],"curies":[{"name":"wp","href":"https:\/\/api.w.org\/{rel}","templated":true}]}}