{"id":6700,"date":"2025-04-30T21:53:53","date_gmt":"2025-04-30T19:53:53","guid":{"rendered":"https:\/\/waldemarborowski.com\/?post_type=product&#038;p=6700"},"modified":"2025-05-08T19:54:30","modified_gmt":"2025-05-08T17:54:30","slug":"wdziecznosc-jest-mostem","status":"publish","type":"product","link":"https:\/\/waldemarborowski.com\/en\/produkt\/wdziecznosc-jest-mostem\/","title":{"rendered":"Wdzi\u0119czno\u015b\u0107 jest mostem"},"content":{"rendered":"<p>Wszystko we Wszech\u015bwiecie porusza si\u0119 i wibruje. Kiedy zejdziemy na poziom subatomowy nie zobaczymy materii, lecz energi\u0119, czysty potencja\u0142. Kamie\u0144 mo\u017ce wygl\u0105da\u0107 a solidny i nieruchomy, ale w rzeczywisto\u015bci kamie\u0144 to miliony ta\u0144cz\u0105cych cz\u0105steczek.<br \/>\nWszystko ma swoj\u0105 w\u0142asn\u0105 wibracyjjn\u0105 cz\u0119stotliwo\u015b\u0107, owoc mango, samoch\u00f3d, nawet nasze my\u015bli i uczucia.<br \/>\nMi\u0142o\u015b\u0107 to brak os\u0105dzania. Strach to brak mi\u0142o\u015bci. Wszystkie pozosta\u0142e emocje stanowi\u0105 odga\u0142\u0119zienia powy\u017cszych dw\u00f3ch g\u0142\u00f3wnych. Mi\u0142o\u015b\u0107, rado\u015b\u0107, pok\u00f3j, dobro\u0107, \u017cyczliwo\u015b\u0107, cierpliwo\u015b\u0107, wdzi\u0119czno\u015b\u0107 generuj\u0105 kr\u00f3tk\u0105, szybk\u0105 fal\u0119 o wysokiej cz\u0119stotliwo\u015bci. Strach, smutek, z\u0142o\u015b\u0107, niecierpliwo\u015b\u0107, chciwo\u015b\u0107, zazdro\u015b\u0107 generuj\u0105 d\u0142ug\u0105, powoln\u0105 fal\u0119 o niskiej cz\u0119stotliwo\u015bci.<br \/>\nPrzedstawione tu diagramy 2D opisuj\u0105 fale aktywuj\u0105ce ludzkie DNA. Wy\u017csza cz\u0119stotliwo\u015b\u0107 aktywuje wi\u0119cej \u201canten\u201d DNA, kt\u00f3re \u0142\u0105cz\u0105 nas z Wszech\u015bwiatem i wszystkim co jest.<\/p>\n","protected":false},"excerpt":{"rendered":"<p>Wdzi\u0119czno\u015b\u0107 jest mostem, akryl, 90x170cm, 2015<\/p>\n","protected":false},"featured_media":6701,"comment_status":"open","ping_status":"closed","template":"","meta":{"_acf_changed":false},"product_brand":[],"product_cat":[66],"product_tag":[],"class_list":{"0":"post-6700","1":"product","2":"type-product","3":"status-publish","4":"has-post-thumbnail","6":"product_cat-malarstwo","8":"first","9":"instock","10":"taxable","11":"shipping-taxable","12":"purchasable","13":"product-type-simple"},"acf":[],"_links":{"self":[{"href":"https:\/\/waldemarborowski.com\/en\/wp-json\/wp\/v2\/product\/6700","targetHints":{"allow":["GET"]}}],"collection":[{"href":"https:\/\/waldemarborowski.com\/en\/wp-json\/wp\/v2\/product"}],"about":[{"href":"https:\/\/waldemarborowski.com\/en\/wp-json\/wp\/v2\/types\/product"}],"replies":[{"embeddable":true,"href":"https:\/\/waldemarborowski.com\/en\/wp-json\/wp\/v2\/comments?post=6700"}],"version-history":[{"count":2,"href":"https:\/\/waldemarborowski.com\/en\/wp-json\/wp\/v2\/product\/6700\/revisions"}],"predecessor-version":[{"id":6880,"href":"https:\/\/waldemarborowski.com\/en\/wp-json\/wp\/v2\/product\/6700\/revisions\/6880"}],"wp:featuredmedia":[{"embeddable":true,"href":"https:\/\/waldemarborowski.com\/en\/wp-json\/wp\/v2\/media\/6701"}],"wp:attachment":[{"href":"https:\/\/waldemarborowski.com\/en\/wp-json\/wp\/v2\/media?parent=6700"}],"wp:term":[{"taxonomy":"product_brand","embeddable":true,"href":"https:\/\/waldemarborowski.com\/en\/wp-json\/wp\/v2\/product_brand?post=6700"},{"taxonomy":"product_cat","embeddable":true,"href":"https:\/\/waldemarborowski.com\/en\/wp-json\/wp\/v2\/product_cat?post=6700"},{"taxonomy":"product_tag","embeddable":true,"href":"https:\/\/waldemarborowski.com\/en\/wp-json\/wp\/v2\/product_tag?post=6700"}],"curies":[{"name":"wp","href":"https:\/\/api.w.org\/{rel}","templated":true}]}}