{"id":6695,"date":"2025-04-30T21:52:08","date_gmt":"2025-04-30T19:52:08","guid":{"rendered":"https:\/\/waldemarborowski.com\/?post_type=product&#038;p=6695"},"modified":"2025-05-08T19:52:38","modified_gmt":"2025-05-08T17:52:38","slug":"murale","status":"publish","type":"product","link":"https:\/\/waldemarborowski.com\/en\/produkt\/murale\/","title":{"rendered":"Murale"},"content":{"rendered":"<p>Woda we \u015bnie odzwierciedla stan duszy. Czysta i przejrzysta woda symbolizuje pomy\u015blno\u015b\u0107, szcz\u0119\u015bcie i harmoni\u0119.<\/p>\n","protected":false},"excerpt":{"rendered":"<p>Murale, akryl, 100 x 140 cm, 2014<\/p>\n","protected":false},"featured_media":6697,"comment_status":"open","ping_status":"closed","template":"","meta":{"_acf_changed":false},"product_brand":[],"product_cat":[66],"product_tag":[],"class_list":{"0":"post-6695","1":"product","2":"type-product","3":"status-publish","4":"has-post-thumbnail","6":"product_cat-malarstwo","8":"first","9":"instock","10":"taxable","11":"shipping-taxable","12":"purchasable","13":"product-type-simple"},"acf":[],"_links":{"self":[{"href":"https:\/\/waldemarborowski.com\/en\/wp-json\/wp\/v2\/product\/6695","targetHints":{"allow":["GET"]}}],"collection":[{"href":"https:\/\/waldemarborowski.com\/en\/wp-json\/wp\/v2\/product"}],"about":[{"href":"https:\/\/waldemarborowski.com\/en\/wp-json\/wp\/v2\/types\/product"}],"replies":[{"embeddable":true,"href":"https:\/\/waldemarborowski.com\/en\/wp-json\/wp\/v2\/comments?post=6695"}],"version-history":[{"count":2,"href":"https:\/\/waldemarborowski.com\/en\/wp-json\/wp\/v2\/product\/6695\/revisions"}],"predecessor-version":[{"id":6879,"href":"https:\/\/waldemarborowski.com\/en\/wp-json\/wp\/v2\/product\/6695\/revisions\/6879"}],"wp:featuredmedia":[{"embeddable":true,"href":"https:\/\/waldemarborowski.com\/en\/wp-json\/wp\/v2\/media\/6697"}],"wp:attachment":[{"href":"https:\/\/waldemarborowski.com\/en\/wp-json\/wp\/v2\/media?parent=6695"}],"wp:term":[{"taxonomy":"product_brand","embeddable":true,"href":"https:\/\/waldemarborowski.com\/en\/wp-json\/wp\/v2\/product_brand?post=6695"},{"taxonomy":"product_cat","embeddable":true,"href":"https:\/\/waldemarborowski.com\/en\/wp-json\/wp\/v2\/product_cat?post=6695"},{"taxonomy":"product_tag","embeddable":true,"href":"https:\/\/waldemarborowski.com\/en\/wp-json\/wp\/v2\/product_tag?post=6695"}],"curies":[{"name":"wp","href":"https:\/\/api.w.org\/{rel}","templated":true}]}}