{"id":6682,"date":"2025-04-30T20:04:52","date_gmt":"2025-04-30T18:04:52","guid":{"rendered":"https:\/\/waldemarborowski.com\/?post_type=product&#038;p=6682"},"modified":"2025-05-11T15:25:19","modified_gmt":"2025-05-11T13:25:19","slug":"festina-lente-iii","status":"publish","type":"product","link":"https:\/\/waldemarborowski.com\/en\/produkt\/festina-lente-iii\/","title":{"rendered":"Festina lente III"},"content":{"rendered":"<p>&#8220;Festina lente&#8221; to \u0142aci\u0144ski zwrot, kt\u00f3ry ma swoje korzenie w greckiej maksyma &#8220;spe\u0169de brad\u00e9\u014ds&#8221; (\u03c3\u03c0\u03b5\u1fe6\u03b4\u03b5 \u03b2\u03c1\u03b1\u03b4\u03ad\u03c9\u03c2), kt\u00f3r\u0105 mo\u017cna przet\u0142umaczy\u0107 jako &#8220;spiesz si\u0119 powoli&#8221;. Oznacza on, \u017ce ostro\u017cno\u015b\u0107 i dok\u0142adno\u015b\u0107 s\u0105 wa\u017cniejsze ni\u017c pr\u0119dko\u015b\u0107, i \u017ce nale\u017cy dzia\u0142a\u0107 rozs\u0105dnie, unikaj\u0105c pochopnych decyzji.<\/p>\n","protected":false},"excerpt":{"rendered":"<p>Festina lente III, akryl, papier akwarelowy, 30 x 30 cm, 2019<\/p>\n","protected":false},"featured_media":6683,"comment_status":"open","ping_status":"closed","template":"","meta":{"_acf_changed":false},"product_brand":[],"product_cat":[66],"product_tag":[],"class_list":{"0":"post-6682","1":"product","2":"type-product","3":"status-publish","4":"has-post-thumbnail","6":"product_cat-malarstwo","8":"first","9":"instock","10":"taxable","11":"shipping-taxable","12":"purchasable","13":"product-type-simple"},"acf":[],"_links":{"self":[{"href":"https:\/\/waldemarborowski.com\/en\/wp-json\/wp\/v2\/product\/6682","targetHints":{"allow":["GET"]}}],"collection":[{"href":"https:\/\/waldemarborowski.com\/en\/wp-json\/wp\/v2\/product"}],"about":[{"href":"https:\/\/waldemarborowski.com\/en\/wp-json\/wp\/v2\/types\/product"}],"replies":[{"embeddable":true,"href":"https:\/\/waldemarborowski.com\/en\/wp-json\/wp\/v2\/comments?post=6682"}],"version-history":[{"count":3,"href":"https:\/\/waldemarborowski.com\/en\/wp-json\/wp\/v2\/product\/6682\/revisions"}],"predecessor-version":[{"id":7107,"href":"https:\/\/waldemarborowski.com\/en\/wp-json\/wp\/v2\/product\/6682\/revisions\/7107"}],"wp:featuredmedia":[{"embeddable":true,"href":"https:\/\/waldemarborowski.com\/en\/wp-json\/wp\/v2\/media\/6683"}],"wp:attachment":[{"href":"https:\/\/waldemarborowski.com\/en\/wp-json\/wp\/v2\/media?parent=6682"}],"wp:term":[{"taxonomy":"product_brand","embeddable":true,"href":"https:\/\/waldemarborowski.com\/en\/wp-json\/wp\/v2\/product_brand?post=6682"},{"taxonomy":"product_cat","embeddable":true,"href":"https:\/\/waldemarborowski.com\/en\/wp-json\/wp\/v2\/product_cat?post=6682"},{"taxonomy":"product_tag","embeddable":true,"href":"https:\/\/waldemarborowski.com\/en\/wp-json\/wp\/v2\/product_tag?post=6682"}],"curies":[{"name":"wp","href":"https:\/\/api.w.org\/{rel}","templated":true}]}}