{"id":6676,"date":"2025-04-30T20:01:04","date_gmt":"2025-04-30T18:01:04","guid":{"rendered":"https:\/\/waldemarborowski.com\/?post_type=product&#038;p=6676"},"modified":"2025-05-11T13:50:56","modified_gmt":"2025-05-11T11:50:56","slug":"naprzod-w-przeszlos","status":"publish","type":"product","link":"https:\/\/waldemarborowski.com\/en\/produkt\/naprzod-w-przeszlos\/","title":{"rendered":"Naprz\u00f3d w przesz\u0142o\u015b\u0107"},"content":{"rendered":"<p>&#8220;Naprz\u00f3d w przesz\u0142o\u015b\u0107&#8221; to ksi\u0105\u017cka Vadima Zelanda, kt\u00f3ra stanowi rozszerzenie lub pog\u0142\u0119bienie teorii Transerfingu Rzeczywisto\u015bci. Celem ksi\u0105\u017cki jest nauczenie czytelnika, jak wykorzysta\u0107 przesz\u0142e do\u015bwiadczenia i emocje, by stworzy\u0107 lepsz\u0105 przysz\u0142o\u015b\u0107.<\/p>\n","protected":false},"excerpt":{"rendered":"<p>Naprz\u00f3d w przesz\u0142o\u015b\u0107, akryl, 60 x 100 cm, 2020<\/p>\n","protected":false},"featured_media":6677,"comment_status":"open","ping_status":"closed","template":"","meta":{"_acf_changed":false},"product_brand":[],"product_cat":[66],"product_tag":[],"class_list":{"0":"post-6676","1":"product","2":"type-product","3":"status-publish","4":"has-post-thumbnail","6":"product_cat-malarstwo","8":"first","9":"instock","10":"taxable","11":"shipping-taxable","12":"purchasable","13":"product-type-simple"},"acf":[],"_links":{"self":[{"href":"https:\/\/waldemarborowski.com\/en\/wp-json\/wp\/v2\/product\/6676","targetHints":{"allow":["GET"]}}],"collection":[{"href":"https:\/\/waldemarborowski.com\/en\/wp-json\/wp\/v2\/product"}],"about":[{"href":"https:\/\/waldemarborowski.com\/en\/wp-json\/wp\/v2\/types\/product"}],"replies":[{"embeddable":true,"href":"https:\/\/waldemarborowski.com\/en\/wp-json\/wp\/v2\/comments?post=6676"}],"version-history":[{"count":4,"href":"https:\/\/waldemarborowski.com\/en\/wp-json\/wp\/v2\/product\/6676\/revisions"}],"predecessor-version":[{"id":6999,"href":"https:\/\/waldemarborowski.com\/en\/wp-json\/wp\/v2\/product\/6676\/revisions\/6999"}],"wp:featuredmedia":[{"embeddable":true,"href":"https:\/\/waldemarborowski.com\/en\/wp-json\/wp\/v2\/media\/6677"}],"wp:attachment":[{"href":"https:\/\/waldemarborowski.com\/en\/wp-json\/wp\/v2\/media?parent=6676"}],"wp:term":[{"taxonomy":"product_brand","embeddable":true,"href":"https:\/\/waldemarborowski.com\/en\/wp-json\/wp\/v2\/product_brand?post=6676"},{"taxonomy":"product_cat","embeddable":true,"href":"https:\/\/waldemarborowski.com\/en\/wp-json\/wp\/v2\/product_cat?post=6676"},{"taxonomy":"product_tag","embeddable":true,"href":"https:\/\/waldemarborowski.com\/en\/wp-json\/wp\/v2\/product_tag?post=6676"}],"curies":[{"name":"wp","href":"https:\/\/api.w.org\/{rel}","templated":true}]}}