{"id":6672,"date":"2025-04-30T19:55:05","date_gmt":"2025-04-30T17:55:05","guid":{"rendered":"https:\/\/waldemarborowski.com\/?post_type=product&#038;p=6672"},"modified":"2025-05-11T15:29:56","modified_gmt":"2025-05-11T13:29:56","slug":"die-glocke","status":"publish","type":"product","link":"https:\/\/waldemarborowski.com\/en\/produkt\/die-glocke\/","title":{"rendered":"Die glocke"},"content":{"rendered":"<p>&#8220;Die Glocke&#8221; (niem. &#8220;Dzwon&#8221;) to nazwa rzekomej tajnej broni, kt\u00f3ra mia\u0142a by\u0107 opracowana przez nazistowskie Niemcy podczas II wojny \u015bwiatowej. Teoria o &#8220;Die Glocke&#8221; nie jest powszechnie uznawana przez historyk\u00f3w i opiera si\u0119 na \u017ar\u00f3d\u0142ach takich jak ksi\u0105\u017cki Igor Witkowskiego, kt\u00f3ry jest znanym pisarzem na temat historii lotnictwa i wojskowo\u015bci. &#8220;Die Glocke&#8221; by\u0142a rzekomo urz\u0105dzeniem eksperymentalnym, kt\u00f3re mia\u0142o odmieni\u0107 losy wojny, a by\u0107 mo\u017ce nawet posiada\u0107 nap\u0119d antygrawitacyjny&#8230;<\/p>\n","protected":false},"excerpt":{"rendered":"<p>Die glocke, akryl, 40 x 40 cm, 2014<\/p>\n","protected":false},"featured_media":6673,"comment_status":"open","ping_status":"closed","template":"","meta":{"_acf_changed":false},"product_brand":[],"product_cat":[66],"product_tag":[],"class_list":{"0":"post-6672","1":"product","2":"type-product","3":"status-publish","4":"has-post-thumbnail","6":"product_cat-malarstwo","8":"first","9":"instock","10":"taxable","11":"shipping-taxable","12":"purchasable","13":"product-type-simple"},"acf":[],"_links":{"self":[{"href":"https:\/\/waldemarborowski.com\/en\/wp-json\/wp\/v2\/product\/6672","targetHints":{"allow":["GET"]}}],"collection":[{"href":"https:\/\/waldemarborowski.com\/en\/wp-json\/wp\/v2\/product"}],"about":[{"href":"https:\/\/waldemarborowski.com\/en\/wp-json\/wp\/v2\/types\/product"}],"replies":[{"embeddable":true,"href":"https:\/\/waldemarborowski.com\/en\/wp-json\/wp\/v2\/comments?post=6672"}],"version-history":[{"count":3,"href":"https:\/\/waldemarborowski.com\/en\/wp-json\/wp\/v2\/product\/6672\/revisions"}],"predecessor-version":[{"id":7109,"href":"https:\/\/waldemarborowski.com\/en\/wp-json\/wp\/v2\/product\/6672\/revisions\/7109"}],"wp:featuredmedia":[{"embeddable":true,"href":"https:\/\/waldemarborowski.com\/en\/wp-json\/wp\/v2\/media\/6673"}],"wp:attachment":[{"href":"https:\/\/waldemarborowski.com\/en\/wp-json\/wp\/v2\/media?parent=6672"}],"wp:term":[{"taxonomy":"product_brand","embeddable":true,"href":"https:\/\/waldemarborowski.com\/en\/wp-json\/wp\/v2\/product_brand?post=6672"},{"taxonomy":"product_cat","embeddable":true,"href":"https:\/\/waldemarborowski.com\/en\/wp-json\/wp\/v2\/product_cat?post=6672"},{"taxonomy":"product_tag","embeddable":true,"href":"https:\/\/waldemarborowski.com\/en\/wp-json\/wp\/v2\/product_tag?post=6672"}],"curies":[{"name":"wp","href":"https:\/\/api.w.org\/{rel}","templated":true}]}}