{"id":6664,"date":"2025-04-30T19:52:10","date_gmt":"2025-04-30T17:52:10","guid":{"rendered":"https:\/\/waldemarborowski.com\/?post_type=product&#038;p=6664"},"modified":"2025-05-11T15:38:16","modified_gmt":"2025-05-11T13:38:16","slug":"paleo-cinema","status":"publish","type":"product","link":"https:\/\/waldemarborowski.com\/en\/produkt\/paleo-cinema\/","title":{"rendered":"Paleo cinema"},"content":{"rendered":"<p>Wszystkich Homo sapiens okre\u015blano do niedawna mianem kromanio\u0144czyk\u00f3w. Jednak odkrycia w Izraelu (Mount Carmel), Portugalii (Lagar Velho), Rumunii (Pestera cu Oase) i na Morawach (Mladec) pokaza\u0142y, \u017ce dochodzi\u0142o do krzy\u017cowania si\u0119 neandertalczyk\u00f3w i ludzi z Cro-Magnon. Neandertalczycy (Europa, Bliski Wsch\u00f3d), Homo rhodesiensis, Homo erectus (Afryka), Meganthropus paleojavanicus \/ africanus (Jawa i RPA) oraz inne pradawne ludzkie gatunki \/ rasy mog\u0142y zosta\u0107 wch\u0142oni\u0119te przez populacj\u0119 ludzi wsp\u00f3\u0142czesnych.<\/p>\n<p>Ma\u0142o kto wie, \u017ce wiele lat przed naukowcami, pisa\u0142 o hybrydyzacji staro\u017cytnych ludzkich gatunk\u00f3w ekscentryczny utalentowany polski artysta &#8211; Stanis\u0142aw Szukalski.<\/p>\n<p>Portugalski archeolog, Jao Zilhao domniemuje, \u017ce hybrydyzacja ludzkich gatunk\u00f3w mog\u0142a by\u0107 gigantycznym stymulatorem rozwoju kultury i sztuki. Po czasie przypuszczalnego mieszania si\u0119 neandertalczyk\u00f3w i ludzi wsp\u00f3\u0142czesnych, ok 35-15.000 lat temu nast\u0105pi\u0142a wr\u0119cz \u201eeksplozja\u201d malarstwa jaskiniowego i wszelakich sztuk. By\u0107 mo\u017ce psychodeliki, zw\u0142aszcza grzyby, mia\u0142y w tym r\u00f3wnie\u017c sw\u00f3j udzia\u0142&#8230;<\/p>\n","protected":false},"excerpt":{"rendered":"<p>Paleo cinema, akryl, 70 x 70 cm, 2014<\/p>\n","protected":false},"featured_media":6665,"comment_status":"open","ping_status":"closed","template":"","meta":{"_acf_changed":false},"product_brand":[],"product_cat":[66],"product_tag":[],"class_list":{"0":"post-6664","1":"product","2":"type-product","3":"status-publish","4":"has-post-thumbnail","6":"product_cat-malarstwo","8":"first","9":"instock","10":"taxable","11":"shipping-taxable","12":"purchasable","13":"product-type-simple"},"acf":[],"_links":{"self":[{"href":"https:\/\/waldemarborowski.com\/en\/wp-json\/wp\/v2\/product\/6664","targetHints":{"allow":["GET"]}}],"collection":[{"href":"https:\/\/waldemarborowski.com\/en\/wp-json\/wp\/v2\/product"}],"about":[{"href":"https:\/\/waldemarborowski.com\/en\/wp-json\/wp\/v2\/types\/product"}],"replies":[{"embeddable":true,"href":"https:\/\/waldemarborowski.com\/en\/wp-json\/wp\/v2\/comments?post=6664"}],"version-history":[{"count":3,"href":"https:\/\/waldemarborowski.com\/en\/wp-json\/wp\/v2\/product\/6664\/revisions"}],"predecessor-version":[{"id":7112,"href":"https:\/\/waldemarborowski.com\/en\/wp-json\/wp\/v2\/product\/6664\/revisions\/7112"}],"wp:featuredmedia":[{"embeddable":true,"href":"https:\/\/waldemarborowski.com\/en\/wp-json\/wp\/v2\/media\/6665"}],"wp:attachment":[{"href":"https:\/\/waldemarborowski.com\/en\/wp-json\/wp\/v2\/media?parent=6664"}],"wp:term":[{"taxonomy":"product_brand","embeddable":true,"href":"https:\/\/waldemarborowski.com\/en\/wp-json\/wp\/v2\/product_brand?post=6664"},{"taxonomy":"product_cat","embeddable":true,"href":"https:\/\/waldemarborowski.com\/en\/wp-json\/wp\/v2\/product_cat?post=6664"},{"taxonomy":"product_tag","embeddable":true,"href":"https:\/\/waldemarborowski.com\/en\/wp-json\/wp\/v2\/product_tag?post=6664"}],"curies":[{"name":"wp","href":"https:\/\/api.w.org\/{rel}","templated":true}]}}