{"id":6652,"date":"2025-04-30T19:43:36","date_gmt":"2025-04-30T17:43:36","guid":{"rendered":"https:\/\/waldemarborowski.com\/?post_type=product&#038;p=6652"},"modified":"2025-05-08T20:04:28","modified_gmt":"2025-05-08T18:04:28","slug":"kobieta-sowa","status":"publish","type":"product","link":"https:\/\/waldemarborowski.com\/en\/produkt\/kobieta-sowa\/","title":{"rendered":"Kobieta Sowa"},"content":{"rendered":"<p>Ludzkie cia\u0142o stanowi bio-skafander &#8211; \u017cyw\u0105 budowl\u0119, kt\u00f3r\u0105 zamieszkuj\u0105 r\u00f3\u017cne mikro cywilizacje. Tak jest w rzeczywisto\u015bci. Fizyczne cia\u0142a stanowi\u0105 zlepek kom\u00f3rek, grzyb\u00f3w, paso\u017cyt\u00f3w, i innych symbiotycznych drobnoustroj\u00f3w. Same bakterie jelitowe wa\u017c\u0105 ponad dwa kilogramy. Maj\u0105 trzy miliony gen\u00f3w, 100 razy wi\u0119cej ni\u017c ludzki genom.<\/p>\n","protected":false},"excerpt":{"rendered":"<p>Kobieta Sowa, akryl, 60 x 30 cm, 2013<\/p>\n","protected":false},"featured_media":6653,"comment_status":"open","ping_status":"closed","template":"","meta":{"_acf_changed":false},"product_brand":[],"product_cat":[66],"product_tag":[],"class_list":{"0":"post-6652","1":"product","2":"type-product","3":"status-publish","4":"has-post-thumbnail","6":"product_cat-malarstwo","8":"first","9":"instock","10":"taxable","11":"shipping-taxable","12":"purchasable","13":"product-type-simple"},"acf":[],"_links":{"self":[{"href":"https:\/\/waldemarborowski.com\/en\/wp-json\/wp\/v2\/product\/6652","targetHints":{"allow":["GET"]}}],"collection":[{"href":"https:\/\/waldemarborowski.com\/en\/wp-json\/wp\/v2\/product"}],"about":[{"href":"https:\/\/waldemarborowski.com\/en\/wp-json\/wp\/v2\/types\/product"}],"replies":[{"embeddable":true,"href":"https:\/\/waldemarborowski.com\/en\/wp-json\/wp\/v2\/comments?post=6652"}],"version-history":[{"count":2,"href":"https:\/\/waldemarborowski.com\/en\/wp-json\/wp\/v2\/product\/6652\/revisions"}],"predecessor-version":[{"id":6883,"href":"https:\/\/waldemarborowski.com\/en\/wp-json\/wp\/v2\/product\/6652\/revisions\/6883"}],"wp:featuredmedia":[{"embeddable":true,"href":"https:\/\/waldemarborowski.com\/en\/wp-json\/wp\/v2\/media\/6653"}],"wp:attachment":[{"href":"https:\/\/waldemarborowski.com\/en\/wp-json\/wp\/v2\/media?parent=6652"}],"wp:term":[{"taxonomy":"product_brand","embeddable":true,"href":"https:\/\/waldemarborowski.com\/en\/wp-json\/wp\/v2\/product_brand?post=6652"},{"taxonomy":"product_cat","embeddable":true,"href":"https:\/\/waldemarborowski.com\/en\/wp-json\/wp\/v2\/product_cat?post=6652"},{"taxonomy":"product_tag","embeddable":true,"href":"https:\/\/waldemarborowski.com\/en\/wp-json\/wp\/v2\/product_tag?post=6652"}],"curies":[{"name":"wp","href":"https:\/\/api.w.org\/{rel}","templated":true}]}}