{"id":6644,"date":"2025-04-30T19:36:57","date_gmt":"2025-04-30T17:36:57","guid":{"rendered":"https:\/\/waldemarborowski.com\/?post_type=product&#038;p=6644"},"modified":"2025-05-11T15:06:56","modified_gmt":"2025-05-11T13:06:56","slug":"wspomnienia-z-przyszlosci-2","status":"publish","type":"product","link":"https:\/\/waldemarborowski.com\/en\/produkt\/wspomnienia-z-przyszlosci-2\/","title":{"rendered":"Efekt Mandeli"},"content":{"rendered":"<p>Efekt Mandeli to niezwyk\u0142e zjawisko, w kt\u00f3rym du\u017ca grupa ludzi pami\u0119ta co\u015b inaczej ni\u017c to, co si\u0119 wydarzy\u0142o. Zwolennicy &#8220;teorii spiskowych&#8221; uwa\u017caj\u0105, \u017ce jest to dow\u00f3d na istnienie alternatywnego wszech\u015bwiata, manipulacji podr\u00f3znik\u00f3w czasie lub nawet ingerencji samego Boga Stw\u00f3rcy, podczas gdy \u015bwiat naukowy stoi przy zdaniu, \u017ceby wykorzystywa\u0107 to zjawisko jako ilustracj\u0119 tego, jak niedoskona\u0142a mo\u017ce by\u0107 czasami ludzka pami\u0119\u0107.<\/p>\n","protected":false},"excerpt":{"rendered":"<p>Efekt Mandeli, 100 x 100 cm, akryl, 2018<\/p>\n","protected":false},"featured_media":6649,"comment_status":"open","ping_status":"closed","template":"","meta":{"_acf_changed":false},"product_brand":[],"product_cat":[66],"product_tag":[],"class_list":{"0":"post-6644","1":"product","2":"type-product","3":"status-publish","4":"has-post-thumbnail","6":"product_cat-malarstwo","8":"first","9":"instock","10":"taxable","11":"shipping-taxable","12":"purchasable","13":"product-type-simple"},"acf":[],"_links":{"self":[{"href":"https:\/\/waldemarborowski.com\/en\/wp-json\/wp\/v2\/product\/6644","targetHints":{"allow":["GET"]}}],"collection":[{"href":"https:\/\/waldemarborowski.com\/en\/wp-json\/wp\/v2\/product"}],"about":[{"href":"https:\/\/waldemarborowski.com\/en\/wp-json\/wp\/v2\/types\/product"}],"replies":[{"embeddable":true,"href":"https:\/\/waldemarborowski.com\/en\/wp-json\/wp\/v2\/comments?post=6644"}],"version-history":[{"count":4,"href":"https:\/\/waldemarborowski.com\/en\/wp-json\/wp\/v2\/product\/6644\/revisions"}],"predecessor-version":[{"id":7088,"href":"https:\/\/waldemarborowski.com\/en\/wp-json\/wp\/v2\/product\/6644\/revisions\/7088"}],"wp:featuredmedia":[{"embeddable":true,"href":"https:\/\/waldemarborowski.com\/en\/wp-json\/wp\/v2\/media\/6649"}],"wp:attachment":[{"href":"https:\/\/waldemarborowski.com\/en\/wp-json\/wp\/v2\/media?parent=6644"}],"wp:term":[{"taxonomy":"product_brand","embeddable":true,"href":"https:\/\/waldemarborowski.com\/en\/wp-json\/wp\/v2\/product_brand?post=6644"},{"taxonomy":"product_cat","embeddable":true,"href":"https:\/\/waldemarborowski.com\/en\/wp-json\/wp\/v2\/product_cat?post=6644"},{"taxonomy":"product_tag","embeddable":true,"href":"https:\/\/waldemarborowski.com\/en\/wp-json\/wp\/v2\/product_tag?post=6644"}],"curies":[{"name":"wp","href":"https:\/\/api.w.org\/{rel}","templated":true}]}}