{"id":6637,"date":"2025-04-30T16:31:57","date_gmt":"2025-04-30T14:31:57","guid":{"rendered":"https:\/\/waldemarborowski.com\/?post_type=product&#038;p=6637"},"modified":"2025-05-08T19:51:35","modified_gmt":"2025-05-08T17:51:35","slug":"pociag-do-abstrakcji","status":"publish","type":"product","link":"https:\/\/waldemarborowski.com\/en\/produkt\/pociag-do-abstrakcji\/","title":{"rendered":"Poci\u0105g do abstrakcji"},"content":{"rendered":"<p>Bardzo cz\u0119sto \u015bni mi si\u0119, \u017ce podr\u00f3\u017cuj\u0119 w czasie i spotykam siebie samego w r\u00f3\u017cnych inkarnacjach i lokacjach, ba czasem to jest tak zawik\u0142ane, \u017ce ogl\u0105dam z ukrycia drugiego siebie, kt\u00f3ry obserwuje trzeciego mnie i tak dalej &#8211; a\u017c do totalnego zap\u0119tlenia intryg i absurdalnych sytuacji&#8230;<\/p>\n<p>Niekt\u00f3rzy widz\u0105 tu stary most i chmur\u0119, inni &#8211; p\u0119dz\u0105cy po mo\u015bcie poci\u0105g i par\u0119 wydobywaj\u0105ca si\u0119 z komina. Poci\u0105g jest alegori\u0105 \u201estarej duszy\u201d, dziewczyna z torebk\u0105 widoczna pod mostem reprezentuje \u201em\u0142od\u0105 dusz\u0119\u201d.<\/p>\n<p>Siergiej \u0141azariew powiedzia\u0142 kiedy\u015b, \u017ce cz\u0142owiek z m\u0142od\u0105 dusz\u0105 to taki, kt\u00f3rego dusza mie\u015bci si\u0119 do torby na zakupy. Dusze dojrza\u0142e mog\u0105 mie\u015bci\u0107 si\u0119 w kilku kufrach. Tu ju\u017c jest dusza wi\u0119ksza, ci\u0119\u017csza, ma te\u017c wi\u0119ksz\u0105 inercj\u0119.<\/p>\n<p>Przy duszach starych mo\u017cna powiedzie\u0107, \u017ce znajduj\u0105 si\u0119 one w sporym poci\u0105gu, i takim poci\u0105giem dana osoba jedzie przez \u015bwiat. S\u0105 tu obecne wielkie mo\u017cliwo\u015bci, ale te\u017c du\u017ce ograniczenia i mocne zale\u017cno\u015bci. Taka dusza podlega wielu prawom i zasadom, kt\u00f3rym m\u0142oda dusza prawie zupe\u0142nie nie podlega.<\/p>\n","protected":false},"excerpt":{"rendered":"<p>Poci\u0105g do abstrakcji, 2015, akryl, 100 x 140 cm<\/p>\n","protected":false},"featured_media":6638,"comment_status":"open","ping_status":"closed","template":"","meta":{"_acf_changed":false},"product_brand":[],"product_cat":[66],"product_tag":[],"class_list":{"0":"post-6637","1":"product","2":"type-product","3":"status-publish","4":"has-post-thumbnail","6":"product_cat-malarstwo","8":"first","9":"instock","10":"taxable","11":"shipping-taxable","12":"purchasable","13":"product-type-simple"},"acf":[],"_links":{"self":[{"href":"https:\/\/waldemarborowski.com\/en\/wp-json\/wp\/v2\/product\/6637","targetHints":{"allow":["GET"]}}],"collection":[{"href":"https:\/\/waldemarborowski.com\/en\/wp-json\/wp\/v2\/product"}],"about":[{"href":"https:\/\/waldemarborowski.com\/en\/wp-json\/wp\/v2\/types\/product"}],"replies":[{"embeddable":true,"href":"https:\/\/waldemarborowski.com\/en\/wp-json\/wp\/v2\/comments?post=6637"}],"version-history":[{"count":4,"href":"https:\/\/waldemarborowski.com\/en\/wp-json\/wp\/v2\/product\/6637\/revisions"}],"predecessor-version":[{"id":6878,"href":"https:\/\/waldemarborowski.com\/en\/wp-json\/wp\/v2\/product\/6637\/revisions\/6878"}],"wp:featuredmedia":[{"embeddable":true,"href":"https:\/\/waldemarborowski.com\/en\/wp-json\/wp\/v2\/media\/6638"}],"wp:attachment":[{"href":"https:\/\/waldemarborowski.com\/en\/wp-json\/wp\/v2\/media?parent=6637"}],"wp:term":[{"taxonomy":"product_brand","embeddable":true,"href":"https:\/\/waldemarborowski.com\/en\/wp-json\/wp\/v2\/product_brand?post=6637"},{"taxonomy":"product_cat","embeddable":true,"href":"https:\/\/waldemarborowski.com\/en\/wp-json\/wp\/v2\/product_cat?post=6637"},{"taxonomy":"product_tag","embeddable":true,"href":"https:\/\/waldemarborowski.com\/en\/wp-json\/wp\/v2\/product_tag?post=6637"}],"curies":[{"name":"wp","href":"https:\/\/api.w.org\/{rel}","templated":true}]}}