{"id":6633,"date":"2025-04-30T16:18:22","date_gmt":"2025-04-30T14:18:22","guid":{"rendered":"https:\/\/waldemarborowski.com\/?post_type=product&#038;p=6633"},"modified":"2025-05-13T15:01:09","modified_gmt":"2025-05-13T13:01:09","slug":"techno-kura","status":"publish","type":"product","link":"https:\/\/waldemarborowski.com\/en\/produkt\/techno-kura\/","title":{"rendered":"TECHNO KURA"},"content":{"rendered":"<p>Poza hodowl\u0105 w celach jajecznych, kury w staro\u017cytno\u015bci mia\u0142y te\u017c inn\u0105 wa\u017cn\u0105 rol\u0119 \u2013 by\u0142y boskimi ptakami, kt\u00f3re s\u0142u\u017cy\u0142y do przepowiadania przysz\u0142o\u015bci. Skojarzenia koguta ze s\u0142o\u0144cem, ogniem i b\u0142yskawic\u0105 istnia\u0142y w hinduskiej Awe\u015bcie, gdzie ptak ten wyst\u0119powa\u0142 jako atrybut boga ognia Ahuramazdy.<\/p>\n<p>Dla antycznych Grek\u00f3w kogut by\u0142 ptakiem Heliosa, bo swym pianiem zwiastowa\u0142 poranek. Jako stworzenie witaj\u0105ce wsch\u00f3d s\u0142o\u0144ca, po\u015bwi\u0119cony by\u0142 Mitrasowi i Apollinowi. Grecki &#8220;handlowy&#8221; b\u00f3g-pos\u0142aniec, Merkury, posiada\u0142 lataj\u0105cy rydwan zaprz\u0119\u017cony w dwa koguty. Wi\u0105za\u0142o si\u0119 to z cnot\u0105 kupc\u00f3w, czujno\u015bci\u0105, kt\u00f3r\u0105 musz\u0105 wykaza\u0107 si\u0119 zar\u00f3wno ptaki czekaj\u0105ce na brzask, jak i handlarze.<\/p>\n<p>&nbsp;<\/p>\n<p>&nbsp;<\/p>\n<p>&nbsp;<\/p>\n<p>&nbsp;<\/p>\n","protected":false},"excerpt":{"rendered":"<p>TECHNO KURA, akryl, 120 x 100 cm<\/p>\n","protected":false},"featured_media":6634,"comment_status":"open","ping_status":"closed","template":"","meta":{"_acf_changed":false},"product_brand":[],"product_cat":[66],"product_tag":[],"class_list":{"0":"post-6633","1":"product","2":"type-product","3":"status-publish","4":"has-post-thumbnail","6":"product_cat-malarstwo","8":"first","9":"instock","10":"taxable","11":"shipping-taxable","12":"product-type-simple"},"acf":[],"_links":{"self":[{"href":"https:\/\/waldemarborowski.com\/en\/wp-json\/wp\/v2\/product\/6633","targetHints":{"allow":["GET"]}}],"collection":[{"href":"https:\/\/waldemarborowski.com\/en\/wp-json\/wp\/v2\/product"}],"about":[{"href":"https:\/\/waldemarborowski.com\/en\/wp-json\/wp\/v2\/types\/product"}],"replies":[{"embeddable":true,"href":"https:\/\/waldemarborowski.com\/en\/wp-json\/wp\/v2\/comments?post=6633"}],"version-history":[{"count":4,"href":"https:\/\/waldemarborowski.com\/en\/wp-json\/wp\/v2\/product\/6633\/revisions"}],"predecessor-version":[{"id":7324,"href":"https:\/\/waldemarborowski.com\/en\/wp-json\/wp\/v2\/product\/6633\/revisions\/7324"}],"wp:featuredmedia":[{"embeddable":true,"href":"https:\/\/waldemarborowski.com\/en\/wp-json\/wp\/v2\/media\/6634"}],"wp:attachment":[{"href":"https:\/\/waldemarborowski.com\/en\/wp-json\/wp\/v2\/media?parent=6633"}],"wp:term":[{"taxonomy":"product_brand","embeddable":true,"href":"https:\/\/waldemarborowski.com\/en\/wp-json\/wp\/v2\/product_brand?post=6633"},{"taxonomy":"product_cat","embeddable":true,"href":"https:\/\/waldemarborowski.com\/en\/wp-json\/wp\/v2\/product_cat?post=6633"},{"taxonomy":"product_tag","embeddable":true,"href":"https:\/\/waldemarborowski.com\/en\/wp-json\/wp\/v2\/product_tag?post=6633"}],"curies":[{"name":"wp","href":"https:\/\/api.w.org\/{rel}","templated":true}]}}