{"id":6629,"date":"2025-04-30T15:31:02","date_gmt":"2025-04-30T13:31:02","guid":{"rendered":"https:\/\/waldemarborowski.com\/?post_type=product&#038;p=6629"},"modified":"2025-05-13T15:59:04","modified_gmt":"2025-05-13T13:59:04","slug":"santa","status":"publish","type":"product","link":"https:\/\/waldemarborowski.com\/en\/produkt\/santa\/","title":{"rendered":"Santa"},"content":{"rendered":"<p>\u015awi\u0119ty Miko\u0142aj czy te\u017c &#8220;Santa Claus&#8221; wchodzi\u0142 przez komin aby zostawi\u0107 prezenty. Ten dziwny zwyczaj wywodzi si\u0119 z dawnych czas\u00f3w, kiedy z powodu wysokiej warstwy \u015bniegu, syberyjski szaman wchodzi\u0142 do jurty \/ geru \/ namiotu przez otw\u00f3r dymny w dachu. Czy dlatego r\u00f3wnie\u017c kominiarczyk zosta\u0142 symbolem szcz\u0119\u015bcia, bo jego pra-protopla\u015bci przynosili \u015bwi\u0119te grzyby?<\/p>\n","protected":false},"excerpt":{"rendered":"<p>Santa, akryl, 70 x 70 cm, 2025<\/p>\n","protected":false},"featured_media":6630,"comment_status":"open","ping_status":"closed","template":"","meta":{"_acf_changed":false},"product_brand":[],"product_cat":[66],"product_tag":[],"class_list":{"0":"post-6629","1":"product","2":"type-product","3":"status-publish","4":"has-post-thumbnail","6":"product_cat-malarstwo","8":"first","9":"instock","10":"taxable","11":"shipping-taxable","12":"purchasable","13":"product-type-simple"},"acf":[],"_links":{"self":[{"href":"https:\/\/waldemarborowski.com\/en\/wp-json\/wp\/v2\/product\/6629","targetHints":{"allow":["GET"]}}],"collection":[{"href":"https:\/\/waldemarborowski.com\/en\/wp-json\/wp\/v2\/product"}],"about":[{"href":"https:\/\/waldemarborowski.com\/en\/wp-json\/wp\/v2\/types\/product"}],"replies":[{"embeddable":true,"href":"https:\/\/waldemarborowski.com\/en\/wp-json\/wp\/v2\/comments?post=6629"}],"version-history":[{"count":6,"href":"https:\/\/waldemarborowski.com\/en\/wp-json\/wp\/v2\/product\/6629\/revisions"}],"predecessor-version":[{"id":7127,"href":"https:\/\/waldemarborowski.com\/en\/wp-json\/wp\/v2\/product\/6629\/revisions\/7127"}],"wp:featuredmedia":[{"embeddable":true,"href":"https:\/\/waldemarborowski.com\/en\/wp-json\/wp\/v2\/media\/6630"}],"wp:attachment":[{"href":"https:\/\/waldemarborowski.com\/en\/wp-json\/wp\/v2\/media?parent=6629"}],"wp:term":[{"taxonomy":"product_brand","embeddable":true,"href":"https:\/\/waldemarborowski.com\/en\/wp-json\/wp\/v2\/product_brand?post=6629"},{"taxonomy":"product_cat","embeddable":true,"href":"https:\/\/waldemarborowski.com\/en\/wp-json\/wp\/v2\/product_cat?post=6629"},{"taxonomy":"product_tag","embeddable":true,"href":"https:\/\/waldemarborowski.com\/en\/wp-json\/wp\/v2\/product_tag?post=6629"}],"curies":[{"name":"wp","href":"https:\/\/api.w.org\/{rel}","templated":true}]}}