{"id":6622,"date":"2025-04-29T22:37:39","date_gmt":"2025-04-29T20:37:39","guid":{"rendered":"https:\/\/waldemarborowski.com\/?post_type=product&#038;p=6622"},"modified":"2025-05-08T20:06:42","modified_gmt":"2025-05-08T18:06:42","slug":"end-of-time","status":"publish","type":"product","link":"https:\/\/waldemarborowski.com\/en\/produkt\/end-of-time\/","title":{"rendered":"End of time"},"content":{"rendered":"<p>Koniec czasu to przej\u015bcie w magiczny pi\u0105ty wymiar, w nielinearn\u0105, rozmyt\u0105, podobna do snu egzystencj\u0119, jak\u0105 nasi przodkowie mogli sobie jedynie wizualizowa\u0107. Dni p\u0142yn\u0105 coraz szybciej, koincydencji coraz wi\u0119cej. Codziennie w ci\u0105gu kilku sekund wielokrotnie robisz to, co w staro\u017cytno\u015bci zabiera\u0142oby ludziom czas kilku pokole\u0144.<br \/>\nPrawa cz\u0119\u015b\u0107 dyptyku stanowi graficzn\u0105 interpretacj\u0119 Kalendarza Maj\u00f3w. Czas nie jest tu lini\u0105 lecz spiralnym fraktalem, w kt\u00f3rym kolejne epoki coraz szybciej zmierzaj\u0105 do \u015brodka centrum, &#8211; tam gdzie czas przestaje istnie\u0107&#8230;<\/p>\n","protected":false},"excerpt":{"rendered":"<p>END OF TIME, akryl, dyptyk 100 x 200 cm, 2013<\/p>\n","protected":false},"featured_media":6623,"comment_status":"open","ping_status":"closed","template":"","meta":{"_acf_changed":false},"product_brand":[],"product_cat":[66],"product_tag":[],"class_list":{"0":"post-6622","1":"product","2":"type-product","3":"status-publish","4":"has-post-thumbnail","6":"product_cat-malarstwo","8":"first","9":"instock","10":"taxable","11":"shipping-taxable","12":"purchasable","13":"product-type-simple"},"acf":[],"_links":{"self":[{"href":"https:\/\/waldemarborowski.com\/en\/wp-json\/wp\/v2\/product\/6622","targetHints":{"allow":["GET"]}}],"collection":[{"href":"https:\/\/waldemarborowski.com\/en\/wp-json\/wp\/v2\/product"}],"about":[{"href":"https:\/\/waldemarborowski.com\/en\/wp-json\/wp\/v2\/types\/product"}],"replies":[{"embeddable":true,"href":"https:\/\/waldemarborowski.com\/en\/wp-json\/wp\/v2\/comments?post=6622"}],"version-history":[{"count":2,"href":"https:\/\/waldemarborowski.com\/en\/wp-json\/wp\/v2\/product\/6622\/revisions"}],"predecessor-version":[{"id":6884,"href":"https:\/\/waldemarborowski.com\/en\/wp-json\/wp\/v2\/product\/6622\/revisions\/6884"}],"wp:featuredmedia":[{"embeddable":true,"href":"https:\/\/waldemarborowski.com\/en\/wp-json\/wp\/v2\/media\/6623"}],"wp:attachment":[{"href":"https:\/\/waldemarborowski.com\/en\/wp-json\/wp\/v2\/media?parent=6622"}],"wp:term":[{"taxonomy":"product_brand","embeddable":true,"href":"https:\/\/waldemarborowski.com\/en\/wp-json\/wp\/v2\/product_brand?post=6622"},{"taxonomy":"product_cat","embeddable":true,"href":"https:\/\/waldemarborowski.com\/en\/wp-json\/wp\/v2\/product_cat?post=6622"},{"taxonomy":"product_tag","embeddable":true,"href":"https:\/\/waldemarborowski.com\/en\/wp-json\/wp\/v2\/product_tag?post=6622"}],"curies":[{"name":"wp","href":"https:\/\/api.w.org\/{rel}","templated":true}]}}