{"id":6618,"date":"2025-04-29T22:33:45","date_gmt":"2025-04-29T20:33:45","guid":{"rendered":"https:\/\/waldemarborowski.com\/?post_type=product&#038;p=6618"},"modified":"2025-05-11T12:49:52","modified_gmt":"2025-05-11T10:49:52","slug":"wspomnienia-z-przyszlosci","status":"publish","type":"product","link":"https:\/\/waldemarborowski.com\/en\/produkt\/wspomnienia-z-przyszlosci\/","title":{"rendered":"Wspomnienia z przysz\u0142o\u015bci"},"content":{"rendered":"<p>Nad jeziorem w Starych Jab\u0142onkach mia\u0142em pi\u0119kn\u0105 wizj\u0119 bakterii nios\u0105cych muzyk\u0119 i \u015bwiat\u0142o z powietrza, deszczu i mchu le\u015bnego do mojego cia\u0142a i odwrotnie \u2013 z cia\u0142a do \u015brodowiska. Je\u015bli zobaczysz kom\u00f3rki, mitochondria, bakterie w du\u017cym powi\u0119kszeniu \u2013 to wszystko osobne maszyny. Wygl\u0105daj\u0105 podejrzanie. Jakby kto\u015b je zaprojektowa\u0142. Niekt\u00f3re s\u0105 \u015bwietliste niczym neony, drony, lataj\u0105ce statki jakiej\u015b federacji.<\/p>\n<p>Podczas tej pierwszej &#8220;ceremonii szama\u0144skiej&#8221; bardzo chcia\u0142em telepatycznie skontaktowa\u0107 si\u0119 z kosmitami. Okaza\u0142o si\u0119, \u017ce nie ma \u017cadnych kosmit\u00f3w, bo oni to my tylko, \u017ce z przysz\u0142o\u015bci. Pojawi\u0142a mi si\u0119 wtedy te\u017c pewna mocno absurdalna my\u015bl: moleku\u0142a psylocybiny to gmo jutra, stworzona przez nich\/nas futurystyczna technologia, klucz otwieraj\u0105cy mi\u0119dzy-wymiarowe przeskoki.<\/p>\n","protected":false},"excerpt":{"rendered":"<p>Wspomnienia z przysz\u0142o\u015bci, akryl, 100 x 100 cm, 2018<\/p>\n","protected":false},"featured_media":6619,"comment_status":"open","ping_status":"closed","template":"","meta":{"_acf_changed":false},"product_brand":[],"product_cat":[66],"product_tag":[],"class_list":{"0":"post-6618","1":"product","2":"type-product","3":"status-publish","4":"has-post-thumbnail","6":"product_cat-malarstwo","8":"first","9":"instock","10":"taxable","11":"shipping-taxable","12":"purchasable","13":"product-type-simple"},"acf":[],"_links":{"self":[{"href":"https:\/\/waldemarborowski.com\/en\/wp-json\/wp\/v2\/product\/6618","targetHints":{"allow":["GET"]}}],"collection":[{"href":"https:\/\/waldemarborowski.com\/en\/wp-json\/wp\/v2\/product"}],"about":[{"href":"https:\/\/waldemarborowski.com\/en\/wp-json\/wp\/v2\/types\/product"}],"replies":[{"embeddable":true,"href":"https:\/\/waldemarborowski.com\/en\/wp-json\/wp\/v2\/comments?post=6618"}],"version-history":[{"count":3,"href":"https:\/\/waldemarborowski.com\/en\/wp-json\/wp\/v2\/product\/6618\/revisions"}],"predecessor-version":[{"id":6882,"href":"https:\/\/waldemarborowski.com\/en\/wp-json\/wp\/v2\/product\/6618\/revisions\/6882"}],"wp:featuredmedia":[{"embeddable":true,"href":"https:\/\/waldemarborowski.com\/en\/wp-json\/wp\/v2\/media\/6619"}],"wp:attachment":[{"href":"https:\/\/waldemarborowski.com\/en\/wp-json\/wp\/v2\/media?parent=6618"}],"wp:term":[{"taxonomy":"product_brand","embeddable":true,"href":"https:\/\/waldemarborowski.com\/en\/wp-json\/wp\/v2\/product_brand?post=6618"},{"taxonomy":"product_cat","embeddable":true,"href":"https:\/\/waldemarborowski.com\/en\/wp-json\/wp\/v2\/product_cat?post=6618"},{"taxonomy":"product_tag","embeddable":true,"href":"https:\/\/waldemarborowski.com\/en\/wp-json\/wp\/v2\/product_tag?post=6618"}],"curies":[{"name":"wp","href":"https:\/\/api.w.org\/{rel}","templated":true}]}}