{"id":6613,"date":"2025-04-29T22:24:42","date_gmt":"2025-04-29T20:24:42","guid":{"rendered":"https:\/\/waldemarborowski.com\/?post_type=product&#038;p=6613"},"modified":"2025-05-11T12:58:10","modified_gmt":"2025-05-11T10:58:10","slug":"lustro","status":"publish","type":"product","link":"https:\/\/waldemarborowski.com\/en\/produkt\/lustro\/","title":{"rendered":"Lustro"},"content":{"rendered":"<p>Ka\u017cdy widzi w tym lustrze co\u015b innego, psychonauci \u2013 ducha grzybowego, u\u017cytkownicy DMT \u2013 owado-podobnego elfa mechanicznego, chrze\u015bcijanie \u2013 biblijnego kotowatego, a kinomaniacy \u2013 kosmicznego obcego. Ka\u017cdy, kto spojrze\u0107 raczy\u0142, cz\u0119\u015b\u0107 siebie zobaczy\u0142. Zale\u017cnie od jego stanu, tyle mu ujrze\u0107 dano. Przez Serca wy\u015bwietlamy \u015bwiata kolory i widzimy rezonuj\u0105ce z nami sytuacje albo stwory. Cz\u0142owiek sprawiedliwy i zdrowy mo\u017ce zobaczy\u0107 Boga, a rozgniewany i chory \u2013 piekielne potwory. Patrzysz zawsze na siebie, i \u017cyjesz w swoim piekle lub niebie.<\/p>\n","protected":false},"excerpt":{"rendered":"<p>Lustro, akryl, 40 x 30 cm, 2013<\/p>\n","protected":false},"featured_media":6614,"comment_status":"open","ping_status":"closed","template":"","meta":{"_acf_changed":false},"product_brand":[],"product_cat":[66],"product_tag":[],"class_list":{"0":"post-6613","1":"product","2":"type-product","3":"status-publish","4":"has-post-thumbnail","6":"product_cat-malarstwo","8":"first","9":"instock","10":"taxable","11":"shipping-taxable","12":"purchasable","13":"product-type-simple"},"acf":[],"_links":{"self":[{"href":"https:\/\/waldemarborowski.com\/en\/wp-json\/wp\/v2\/product\/6613","targetHints":{"allow":["GET"]}}],"collection":[{"href":"https:\/\/waldemarborowski.com\/en\/wp-json\/wp\/v2\/product"}],"about":[{"href":"https:\/\/waldemarborowski.com\/en\/wp-json\/wp\/v2\/types\/product"}],"replies":[{"embeddable":true,"href":"https:\/\/waldemarborowski.com\/en\/wp-json\/wp\/v2\/comments?post=6613"}],"version-history":[{"count":3,"href":"https:\/\/waldemarborowski.com\/en\/wp-json\/wp\/v2\/product\/6613\/revisions"}],"predecessor-version":[{"id":7017,"href":"https:\/\/waldemarborowski.com\/en\/wp-json\/wp\/v2\/product\/6613\/revisions\/7017"}],"wp:featuredmedia":[{"embeddable":true,"href":"https:\/\/waldemarborowski.com\/en\/wp-json\/wp\/v2\/media\/6614"}],"wp:attachment":[{"href":"https:\/\/waldemarborowski.com\/en\/wp-json\/wp\/v2\/media?parent=6613"}],"wp:term":[{"taxonomy":"product_brand","embeddable":true,"href":"https:\/\/waldemarborowski.com\/en\/wp-json\/wp\/v2\/product_brand?post=6613"},{"taxonomy":"product_cat","embeddable":true,"href":"https:\/\/waldemarborowski.com\/en\/wp-json\/wp\/v2\/product_cat?post=6613"},{"taxonomy":"product_tag","embeddable":true,"href":"https:\/\/waldemarborowski.com\/en\/wp-json\/wp\/v2\/product_tag?post=6613"}],"curies":[{"name":"wp","href":"https:\/\/api.w.org\/{rel}","templated":true}]}}