{"id":6609,"date":"2025-04-29T22:15:38","date_gmt":"2025-04-29T20:15:38","guid":{"rendered":"https:\/\/waldemarborowski.com\/?post_type=product&#038;p=6609"},"modified":"2025-05-11T14:07:11","modified_gmt":"2025-05-11T12:07:11","slug":"reaktywacja","status":"publish","type":"product","link":"https:\/\/waldemarborowski.com\/en\/produkt\/reaktywacja\/","title":{"rendered":"Reaktywacja"},"content":{"rendered":"<p><span data-huuid=\"3908738691656190466\">Teoria multiwszech\u015bwiat\u00f3w to koncepcja zak\u0142adaj\u0105ca istnienie wielu wszech\u015bwiat\u00f3w r\u00f3wnoleg\u0142ych, kt\u00f3re mog\u0105 by\u0107 niezale\u017cne od siebie lub w jaki\u015b spos\u00f3b ze sob\u0105 powi\u0105zane. <\/span><span data-huuid=\"3908738691656189077\">Jest to hipotetyczna idea, kt\u00f3ra nie zosta\u0142a jeszcze potwierdzona empirycznie, ale jest rozwa\u017cana&#8230;<\/span><\/p>\n<p>Darryl Anka (ps. &#8220;Bashar&#8221;) akceptuje terminologi\u0119 stosowan\u0105 przez wsp\u00f3\u0142czesnych naukowc\u00f3w, gdy opisuj\u0105 wszech\u015bwiat jako multiwersum i manifestacj\u0119 materii jako wynik fal energii, kt\u00f3re s\u0105 holograficznie utrwalane przez wzorce my\u015blowe, czyli multiwersum jako hologram.<\/p>\n<p>Wynikiem i celem naszych projekcji rzeczywisto\u015bci wirtualnej (wewn\u0105trz naszej \u015bwiadomo\u015bci) maj\u0105 by\u0107 zdarzenia, kt\u00f3rych do\u015bwiadczamy, przemieszczaj\u0105c si\u0119 przez niesko\u0144czon\u0105 liczb\u0119 nieruchomych i statycznych klatek rzeczywisto\u015bci wirtualnej &#8220;z szybko\u015bci\u0105 czasu Plancka&#8221;. Do\u015bwiadczenia maj\u0105 znaczenie. One s\u0105 prawdziwe, nasza rzeczywisto\u015b\u0107 nie. Podczas zmiany perspektywy patrzymy oczami odpowiedniej wersji nas samych, kt\u00f3ra ju\u017c znajduje si\u0119 w kadrze \u2013 jest nieruchoma i statyczna. By\u0142o i b\u0119dzie. Gdy za chwil\u0119 opuszczamy klatk\u0119, by przej\u015b\u0107 do nast\u0119pnej, opuszczamy poprzedni\u0105 wersj\u0119 siebie, by spojrze\u0107 oczami kolejnej, tej, kt\u00f3ra pojawia si\u0119 w kolejnej klatce, r\u00f3wnie nieruchomej i statycznej. Podobne do klatek filmu wy\u015bwietlanego na ekranie w kinie, daj\u0105c iluzj\u0119 czasu i ruchu. Aby\u015bmy mogli prze\u017cy\u0107 nasze do\u015bwiadczenia tak pe\u0142nie, jak to mo\u017cliwe, postrzegamy projekcje naszej \u015bwiadomo\u015bci tak, jakby\u015bmy byli \u017cywi na ekranie, uczestnicz\u0105c w \u015brodku wy\u015bwietlanego \u015brodowiska. Noc\u0105 i po \u015bmierci &#8220;opuszczamy kino&#8221;.<\/p>\n<p>Przej\u015bcie z jednej klatki do drugiej odbywa si\u0119 z niewiarygodn\u0105 pr\u0119dko\u015bci\u0105. Wersja nas, kt\u00f3ra zacz\u0119\u0142a czyta\u0107 to zdanie, nie jest ju\u017c t\u0105 wersj\u0105 (nas), kt\u00f3ra dosz\u0142a do jego ko\u0144ca. Pomi\u0119dzy nimi znajduje si\u0119 niewiarygodnie du\u017ca liczba innych ramek (i innych wersji nas samych). Tak wi\u0119c, gdy osoba zadaj\u0105ca pytanie w sesji Bashara, po sfinalizowaniu sformu\u0142owania pytania, osoba ta nie jest ju\u017c t\u0105 sam\u0105 wersj\u0105, kt\u00f3r\u0105 \u201eby\u0142a\u201d na pocz\u0105tku pytania. To samo dotyczy drugiej strony.<\/p>\n<p>Si\u0142\u0105 nap\u0119dow\u0105 projekcji rzeczywisto\u015bci s\u0105 nasze definicje i systemy wierze\u0144. Te, z kt\u00f3rymi si\u0119 urodzili\u015bmy, te, kt\u00f3re przyj\u0119li\u015bmy po drodze z naszego \u015brodowiska spo\u0142ecznego, te, kt\u00f3rych \u015bwiadomie u\u017cywamy, aby zast\u0105pi\u0107 stare, o kt\u00f3rych odkrywamy, \u017ce nie s\u0105 ju\u017c przydatne. Bez definicji i przekona\u0144 nie ma projekcji rzeczywisto\u015bci, bez wzgl\u0119du na to jak nie\u015bwiadome i ukryte mog\u0105 by\u0107 te przekonania. Przekonania tworz\u0105 uczucia, a uczucia tworz\u0105 my\u015bli, kt\u00f3re prowadz\u0105 do dzia\u0142a\u0144 i zachowa\u0144. Odg\u00f3rnie, od poziomu rzeczywisto\u015bci szablonowej, gdzie umys\u0142 fizyczny komunikuje si\u0119 z Wy\u017cszym Umys\u0142em, otrzymuj\u0105c lub odrzucaj\u0105c rady z wy\u017cszych poziom\u00f3w. Wibracje przekona\u0144 i definicji determinuj\u0105 konkretn\u0105 sekwencj\u0119 klatek rzeczywisto\u015bci wirtualnej, kt\u00f3re \u201eotrzymujemy\u201d, tj. wybieramy z niesko\u0144czono\u015bci nieruchomych i statycznych klatek (z matrycy) na potrzeby naszej konkretnej projekcji rzeczywisto\u015bci (wewn\u0105trz matrycy). Gdyby\u015bmy zmienili poziom wibracji naszych definicji i przekona\u0144, natychmiast zamanifestowaliby\u015bmy inn\u0105 sekwencj\u0119 ram i projektowali inn\u0105 \u201erzeczywisto\u015b\u0107\u201d, kt\u00f3ra by\u0142aby bardziej zgodna z tym, co m\u00f3wimy, \u017ce wolimy. Przemieszczanie si\u0119 pomi\u0119dzy ramami rzeczywisto\u015bci wirtualnej odbywa si\u0119 automatycznie, nie mo\u017cemy go zatrzyma\u0107.<\/p>\n<p>Wszystkie wersje nas ju\u017c istniej\u0105. S\u0105 one osadzane w ramkach wraz z odpowiednim otoczeniem, t\u0142em i wersjami innych &#8220;graczy&#8221; (w razie potrzeby). Dzi\u0119ki poziomowi wibracji naszych definicji i przekona\u0144 tworzymy sekwencj\u0119 okre\u015blonych ram. Mog\u0105 to by\u0107 ramy pokazuj\u0105ce nasze zab\u00f3jcze wersje (i odpowiednie \u015brodowisko) lub ramy, w kt\u00f3rych jeste\u015bmy pozycjonowani w celu prezentowania nas jako &#8220;\u015bwi\u0119tych&#8221;. I wszystko pomi\u0119dzy. Przesuwaj\u0105c, \u201eaktywujemy\u201d wersje, tworz\u0105c w ten spos\u00f3b iluzj\u0119 czasu i ruchu na drodze do naszego konkretnego do\u015bwiadczenia. W tym wszystkim chodzi o do\u015bwiadczenie. Tylko do\u015bwiadczenie jest prawdziwe. Reszta jest projekcj\u0105 naszej \u015bwiadomo\u015bci.<\/p>\n","protected":false},"excerpt":{"rendered":"<p>Reaktywacja, 70x150cm, akryl, 2018<\/p>\n","protected":false},"featured_media":6610,"comment_status":"open","ping_status":"closed","template":"","meta":{"_acf_changed":false},"product_brand":[],"product_cat":[66],"product_tag":[],"class_list":{"0":"post-6609","1":"product","2":"type-product","3":"status-publish","4":"has-post-thumbnail","6":"product_cat-malarstwo","8":"first","9":"instock","10":"taxable","11":"shipping-taxable","12":"purchasable","13":"product-type-simple"},"acf":[],"_links":{"self":[{"href":"https:\/\/waldemarborowski.com\/en\/wp-json\/wp\/v2\/product\/6609","targetHints":{"allow":["GET"]}}],"collection":[{"href":"https:\/\/waldemarborowski.com\/en\/wp-json\/wp\/v2\/product"}],"about":[{"href":"https:\/\/waldemarborowski.com\/en\/wp-json\/wp\/v2\/types\/product"}],"replies":[{"embeddable":true,"href":"https:\/\/waldemarborowski.com\/en\/wp-json\/wp\/v2\/comments?post=6609"}],"version-history":[{"count":3,"href":"https:\/\/waldemarborowski.com\/en\/wp-json\/wp\/v2\/product\/6609\/revisions"}],"predecessor-version":[{"id":7072,"href":"https:\/\/waldemarborowski.com\/en\/wp-json\/wp\/v2\/product\/6609\/revisions\/7072"}],"wp:featuredmedia":[{"embeddable":true,"href":"https:\/\/waldemarborowski.com\/en\/wp-json\/wp\/v2\/media\/6610"}],"wp:attachment":[{"href":"https:\/\/waldemarborowski.com\/en\/wp-json\/wp\/v2\/media?parent=6609"}],"wp:term":[{"taxonomy":"product_brand","embeddable":true,"href":"https:\/\/waldemarborowski.com\/en\/wp-json\/wp\/v2\/product_brand?post=6609"},{"taxonomy":"product_cat","embeddable":true,"href":"https:\/\/waldemarborowski.com\/en\/wp-json\/wp\/v2\/product_cat?post=6609"},{"taxonomy":"product_tag","embeddable":true,"href":"https:\/\/waldemarborowski.com\/en\/wp-json\/wp\/v2\/product_tag?post=6609"}],"curies":[{"name":"wp","href":"https:\/\/api.w.org\/{rel}","templated":true}]}}