{"id":6597,"date":"2025-04-29T21:06:24","date_gmt":"2025-04-29T19:06:24","guid":{"rendered":"https:\/\/waldemarborowski.com\/?post_type=product&#038;p=6597"},"modified":"2025-05-12T15:44:46","modified_gmt":"2025-05-12T13:44:46","slug":"grzybajki","status":"publish","type":"product","link":"https:\/\/waldemarborowski.com\/en\/produkt\/grzybajki\/","title":{"rendered":"Grzybajki (ksi\u0105\u017cka papierowa)"},"content":{"rendered":"<p>SPIS TRE\u015aCI,\u00a0kt\u00f3ry sporo mie\u015bci<\/p>\n<p>Wybrane cytaty wprowadzaj\u0105ce do tej pracy\u2026\u2026\u2026\u2026\u2026\u2026\u2026\u2026\u2026\u2026\u2026\u2026\u2026\u2026\u2026\u2026\u2026\u2026\u2026\u20263<\/p>\n<p>Notka prawna ca\u0142kiem zabawna\u2026\u2026\u2026\u2026\u2026\u2026\u2026\u2026\u2026\u2026\u2026\u2026\u2026\u2026\u2026\u2026\u2026\u2026\u2026\u2026\u2026\u2026\u2026\u2026\u20266<\/p>\n<p>Podzi\u0119kowania\u2026\u2026\u2026\u2026\u2026\u2026\u2026\u2026\u2026\u2026\u2026\u2026\u2026\u2026\u2026\u2026\u2026\u2026\u2026\u2026\u2026\u2026\u2026\u2026\u2026\u2026\u2026\u2026\u2026\u2026\u2026\u2026\u2026\u2026\u2026\u2026\u2026\u20267<\/p>\n<p>Wst\u0119p\u2026\u2026\u2026\u2026\u2026\u2026\u2026\u2026\u2026\u2026\u2026\u2026\u2026\u2026\u2026\u2026\u2026\u2026\u2026\u2026\u2026\u2026\u2026\u2026\u2026\u2026\u2026\u2026\u2026\u2026\u2026\u2026\u2026\u2026\u2026\u2026\u2026\u2026\u2026\u2026\u2026\u2026..8<\/p>\n<p>1.\u00a0Kartki kolorowe\u00a0i toasty sylwestrowe\u2026\u2026\u2026\u2026\u2026\u2026\u2026\u2026\u2026\u2026\u2026\u2026\u2026\u2026\u2026\u2026\u2026\u2026\u2026\u2026\u2026.10<\/p>\n<p>2.\u00a0Muchomor\u00a0czerwony \u2013\u00a0historie mityczne i\u00a0informacje praktyczne\u2026\u2026\u2026\u2026\u2026\u2026\u2026\u2026\u2026\u202622<\/p>\n<p>2.1. Biologia\u00a0plus\u00a0mitologia: \u015bwi\u0119te drzewa i bogowie biegli w s\u0142owie\u2026\u2026\u2026\u2026\u2026\u2026\u2026\u2026.23<\/p>\n<p>2.2.\u00a0Rozpoznanie, zbi\u00f3r i &#8216;suszenie na wi\u00f3r\u2019\u2026\u2026\u2026\u2026\u2026\u2026\u2026\u2026\u2026\u2026\u2026\u2026\u2026\u2026\u2026\u2026\u2026\u2026\u202642<\/p>\n<p>2.3. Kurowanie i przechowywanie\u2026\u2026\u2026\u2026\u2026\u2026\u2026\u2026\u2026\u2026\u2026\u2026\u2026\u2026\u2026\u2026\u2026\u2026\u2026\u2026\u2026\u2026\u202698<\/p>\n<p>2.4. Dawkowanie\u00a0na\u00a0wieczerz\u0119 lub\u00a0\u015bniadanie\u2026\u2026\u2026\u2026\u2026\u2026\u2026\u2026\u2026\u2026\u2026\u2026\u2026\u2026\u2026\u2026\u2026\u2026100<\/p>\n<p>2.5. Ambrozja alchemik\u00f3w\u00a0dla dobrych wynik\u00f3w\u2026\u2026\u2026\u2026\u2026\u2026\u2026\u2026\u2026\u2026\u2026\u2026\u2026\u2026\u2026\u2026104<\/p>\n<p>2.6.\u00a0Wino Galilejskie\u00a0i\u00a0wizje anielskie\u2026\u2026\u2026\u2026\u2026\u2026\u2026\u2026\u2026\u2026\u2026\u2026\u2026\u2026\u2026\u2026\u2026\u2026\u2026\u2026\u2026108<\/p>\n<p>2.7. Szejk szyszynki\u00a0dla ch\u0142opczyka i dziewczynki\u2026\u2026\u2026\u2026\u2026\u2026\u2026\u2026\u2026\u2026\u2026\u2026\u2026\u2026\u2026\u2026\u2026114<\/p>\n<p>2.8.\u00a0Magiczne mleko\u00a0by lecie\u0107\u00a0daleko\u2026\u2026\u2026\u2026\u2026\u2026\u2026\u2026\u2026\u2026\u2026\u2026\u2026\u2026\u2026\u2026\u2026\u2026\u2026\u2026\u2026\u2026\u2026.146<\/p>\n<p>2.9.\u00a0Oto pitne z\u0142oto\u2026\u2026\u2026\u2026\u2026\u2026\u2026\u2026\u2026\u2026\u2026\u2026\u2026\u2026\u2026\u2026\u2026\u2026\u2026\u2026\u2026\u2026\u2026\u2026\u2026\u2026\u2026\u2026..151<\/p>\n<p>2.10.\u00a0BHP, nastawienie, otoczenie\u2026\u2026\u2026\u2026\u2026\u2026\u2026\u2026\u2026\u2026\u2026\u2026\u2026\u2026\u2026\u2026\u2026\u2026\u2026\u2026\u2026\u2026.156<\/p>\n<p>2.11.\u00a0Agaricus muscarius\u00a0w homeopatii uzdrawia z apatii\u2026\u2026\u2026\u2026\u2026\u2026\u2026\u2026\u2026\u2026\u2026\u2026\u2026160<\/p>\n<p>2.12.\u00a0Przybysze, ama homeopatyczna i komora normobaryczna\u2026\u2026\u2026\u2026\u2026\u2026\u2026\u2026\u2026\u2026..165<\/p>\n<p>3. Grzyby podobne\u00a0i\u00a0raczej\u00a0niemodne\u2026\u2026\u2026\u2026\u2026\u2026\u2026\u2026\u2026\u2026\u2026\u2026\u2026\u2026\u2026\u2026\u2026\u2026\u2026\u2026\u2026.172<\/p>\n<p>3.1.\u00a0Muchomor plamisty \u2013\u00a0Sprzyjaciel\u00a0Wieczysty\u2026\u2026\u2026\u2026\u2026\u2026\u2026\u2026\u2026\u2026\u2026\u2026\u2026\u2026\u2026\u2026172<\/p>\n<p>3.2. Muchomor kr\u00f3lewski \u2013\u00a0Kr\u00f3l Wieszczy\u2026\u2026\u2026\u2026\u2026\u2026\u2026\u2026\u2026\u2026\u2026\u2026\u2026\u2026\u2026\u2026\u2026\u2026..174<\/p>\n<p>3.3. Inne\u00a0kapelusze, kt\u00f3rych nie susz\u0119\u2026\u2026\u2026\u2026\u2026\u2026\u2026\u2026\u2026\u2026\u2026\u2026\u2026\u2026\u2026\u2026\u2026\u2026\u2026\u2026.176<\/p>\n<p>4.\u00a0Z\u0142oty nauczyciel \u2013\u00a0duchowy\u00a0uzdrowiciel\u2026\u2026\u2026\u2026\u2026\u2026\u2026\u2026\u2026\u2026\u2026\u2026\u2026\u2026\u2026\u2026\u2026\u2026\u2026186<\/p>\n<p>4.1.\u00a0Magiczne kopu\u0142y, zdrowsze ni\u017c pigu\u0142y?\u2026\u2026\u2026\u2026\u2026\u2026\u2026\u2026\u2026\u2026\u2026\u2026\u2026\u2026\u2026\u2026\u2026\u2026186<\/p>\n<p>4.2.\u00a0Profesor\u00a0Z\u0142oty i pierwsze loty\u00a0(Psilocybe cubensis\u00a0mckennai)\u2026\u2026\u2026\u2026\u2026\u2026\u2026\u2026\u2026\u2026.206<\/p>\n<p>4.3.\u00a0W ciszy sam, 5 gram\u00a0(Psilocybe cubensis)\u2026\u2026\u2026\u2026\u2026\u2026\u2026\u2026\u2026\u2026\u2026\u2026\u2026\u2026\u2026\u2026\u2026\u2026\u2026220<\/p>\n<p>5.\u00a0Psilocybe cayacenses\u00a0\u2013 grzyb z zasi\u0119giem\u2026\u2026\u2026\u2026\u2026\u2026\u2026\u2026\u2026\u2026\u2026\u2026\u2026\u2026\u2026\u2026\u2026\u2026..224<\/p>\n<p>6.\u00a0\u0141ysiczka lancetowata \u2013\u00a0na jesieni troch\u0119 lata\u2026\u2026\u2026\u2026\u2026\u2026\u2026\u2026\u2026\u2026\u2026\u2026\u2026\u2026\u2026\u2026\u2026..230<\/p>\n<p>6.1. Zarys biologiczno-historyczno-kulturowy,\u00a0nieco\u00a0spiskowy\u2026\u2026\u2026\u2026\u2026\u2026\u2026\u2026\u2026\u2026..230<\/p>\n<p>6.2.\u00a0Zbi\u00f3r\u00a0i suszenie na wi\u00f3r\u2026\u2026\u2026\u2026\u2026\u2026\u2026\u2026\u2026\u2026\u2026\u2026\u2026\u2026\u2026\u2026\u2026\u2026\u2026\u2026\u2026\u2026\u2026\u2026\u2026.266<\/p>\n<p>6.3.\u00a0Dawkowanie\u00a0na\u00a0polanie\u2026\u2026\u2026\u2026\u2026\u2026\u2026\u2026\u2026\u2026\u2026\u2026\u2026\u2026\u2026\u2026\u2026\u2026\u2026\u2026\u2026\u2026\u2026\u2026.272<\/p>\n<p>6.4. NPLS i niejeden bies\u2026\u2026\u2026\u2026\u2026\u2026\u2026\u2026\u2026\u2026\u2026\u2026\u2026\u2026\u2026\u2026\u2026\u2026\u2026\u2026\u2026\u2026\u2026\u2026\u2026..274<\/p>\n<p>6.5.\u00a0Herbata skrzata\u2026\u2026\u2026\u2026\u2026\u2026\u2026\u2026\u2026\u2026\u2026\u2026\u2026\u2026\u2026\u2026\u2026\u2026\u2026\u2026\u2026\u2026\u2026\u2026\u2026\u2026\u2026..276<\/p>\n<p>6.6.\u00a0Psylocybina i\u00a0Aqua\u00a0divina?\u00a0Zapraszamy do kina!\u2026\u2026\u2026\u2026\u2026\u2026\u2026\u2026\u2026\u2026\u2026\u2026\u2026\u2026.277<\/p>\n<p>6.7.\u00a0Przepis cud na niebieski mi\u00f3d\u2026\u2026\u2026\u2026\u2026\u2026\u2026\u2026\u2026\u2026\u2026\u2026\u2026\u2026\u2026\u2026\u2026\u2026\u2026\u2026\u2026\u2026280<\/p>\n<p>6.8.\u00a0\u015amietana\u00a0Su\u0142tana\u2026\u2026\u2026\u2026\u2026\u2026\u2026\u2026\u2026\u2026\u2026\u2026\u2026\u2026\u2026\u2026\u2026\u2026\u2026\u2026\u2026\u2026\u2026\u2026\u2026\u2026\u2026282<\/p>\n<p>6.9.\u00a0Kulka przytulka\u2026\u2026\u2026\u2026\u2026\u2026\u2026\u2026\u2026\u2026\u2026\u2026\u2026\u2026\u2026\u2026\u2026\u2026\u2026\u2026\u2026\u2026\u2026\u2026\u2026\u2026\u2026.283<\/p>\n<p>6.10.\u00a0BHP znaczy: Bezpiecze\u0144stwo i\u00a0Higiena Pracy\u2026\u2026\u2026\u2026\u2026\u2026\u2026\u2026\u2026\u2026\u2026\u2026\u2026\u2026\u2026286<\/p>\n<p>6.11.\u00a0Eksperymenty naukowe \u2013\u00a0czy\u00a0kapelusiaki\u00a0s\u0105\u00a0zdrowe?\u2026\u2026\u2026\u2026\u2026\u2026\u2026\u2026\u2026\u2026\u2026\u2026287<\/p>\n<p>7.\u00a0Inne ma\u0142e grzyby, podobne\u00a0niby\u2026\u2026\u2026\u2026\u2026\u2026\u2026\u2026\u2026\u2026\u2026\u2026\u2026\u2026\u2026\u2026\u2026\u2026\u2026\u2026\u2026\u2026..289<\/p>\n<p>8.\u00a0LSD \u2013 koty, delfiny, modu\u0142owe samochody i plastikowe brody\u2026\u2026\u2026\u2026\u2026\u2026\u2026\u2026\u2026\u2026.298<\/p>\n<p>9.\u00a0Droga cierpliwo\u015bci, czy droga odwagi?\u00a0Lu\u017ane uwagi\u2026\u2026\u2026\u2026\u2026\u2026\u2026\u2026\u2026\u2026\u2026\u2026\u2026\u2026.322<\/p>\n<p>Bibliografia\u2026\u2026\u2026\u2026\u2026\u2026\u2026\u2026\u2026\u2026\u2026\u2026\u2026\u2026\u2026\u2026\u2026\u2026\u2026\u2026\u2026\u2026\u2026\u2026\u2026\u2026\u2026\u2026\u2026\u2026\u2026\u2026\u2026\u2026\u2026\u2026\u2026\u2026.328<\/p>\n<p>Spis ilustracji\u2026\u2026\u2026\u2026\u2026\u2026\u2026\u2026\u2026\u2026\u2026\u2026\u2026\u2026\u2026\u2026\u2026\u2026\u2026\u2026\u2026\u2026\u2026\u2026\u2026\u2026\u2026\u2026\u2026\u2026..332<\/p>\n<p>Prawie pusta strona, dla Ciebie\u00a0przeznaczona\u2026\u2026\u2026\u2026\u2026\u2026\u2026\u2026\u2026\u2026\u2026\u2026\u2026\u2026\u2026\u2026\u2026\u2026.333<\/p>\n","protected":false},"excerpt":{"rendered":"<p><img decoding=\"async\" class=\"an1\" draggable=\"false\" src=\"https:\/\/fonts.gstatic.com\/s\/e\/notoemoji\/16.0\/2728\/72.png\" alt=\"\u2728\" width=\"33\" height=\"33\" data-emoji=\"\u2728\" aria-label=\"\u2728\" \/>\u00a0\u201eGrzybajki\u201d.\u00a0<img decoding=\"async\" class=\"an1\" draggable=\"false\" src=\"https:\/\/fonts.gstatic.com\/s\/e\/notoemoji\/16.0\/1f344\/72.png\" alt=\"\ud83c\udf44\" width=\"33\" height=\"33\" data-emoji=\"\ud83c\udf44\" aria-label=\"\ud83c\udf44\" \/>\u00a0Tytu\u0142 trzeciej cz\u0119\u015bci grzybowego pi\u0119cioksi\u0119gu\u00a0<img decoding=\"async\" class=\"an1\" draggable=\"false\" src=\"https:\/\/fonts.gstatic.com\/s\/e\/notoemoji\/16.0\/1f4da\/72.png\" alt=\"\ud83d\udcda\" width=\"33\" height=\"33\" data-emoji=\"\ud83d\udcda\" aria-label=\"\ud83d\udcda\" \/>\u00a0jest troch\u0119 myl\u0105cy, bo to ksi\u0105\u017cka, obok \u201eGrzybowego zdrowia\u201d, najbardziej traktuj\u0105ca o praktycznym zastosowaniu dar\u00f3w lasu.\u00a0<img loading=\"lazy\" decoding=\"async\" class=\"an1\" draggable=\"false\" src=\"https:\/\/fonts.gstatic.com\/s\/e\/notoemoji\/16.0\/1f332\/72.png\" alt=\"\ud83c\udf32\" width=\"33\" height=\"33\" data-emoji=\"\ud83c\udf32\" aria-label=\"\ud83c\udf32\" \/>\u00a0<img loading=\"lazy\" decoding=\"async\" class=\"an1\" draggable=\"false\" src=\"https:\/\/fonts.gstatic.com\/s\/e\/notoemoji\/16.0\/1f98c\/72.png\" alt=\"\ud83e\udd8c\" width=\"33\" height=\"33\" data-emoji=\"\ud83e\udd8c\" aria-label=\"\ud83e\udd8c\" \/>\u00a0<img loading=\"lazy\" decoding=\"async\" class=\"an1\" draggable=\"false\" src=\"https:\/\/fonts.gstatic.com\/s\/e\/notoemoji\/16.0\/1f385\/72.png\" alt=\"\ud83c\udf85\" width=\"33\" height=\"33\" data-emoji=\"\ud83c\udf85\" aria-label=\"\ud83c\udf85\" \/>\u00a0<img decoding=\"async\" class=\"an1\" draggable=\"false\" src=\"https:\/\/fonts.gstatic.com\/s\/e\/notoemoji\/16.0\/2728\/72.png\" alt=\"\u2728\" width=\"33\" height=\"33\" data-emoji=\"\u2728\" aria-label=\"\u2728\" \/>\u00a0<img loading=\"lazy\" decoding=\"async\" class=\"an1\" draggable=\"false\" src=\"https:\/\/fonts.gstatic.com\/s\/e\/notoemoji\/16.0\/1f9f2\/72.png\" alt=\"\ud83e\uddf2\" width=\"33\" height=\"33\" data-emoji=\"\ud83e\uddf2\" aria-label=\"\ud83e\uddf2\" \/>\u00a0 Sezony, zbieranie, odr\u00f3\u017cnianie, suszenie, kurowanie, przechowywanie, dawki rekreacyjne, tytaniczne, heroiczne, terapeutyczne itd.\u00a0<img loading=\"lazy\" decoding=\"async\" class=\"an1\" draggable=\"false\" src=\"https:\/\/fonts.gstatic.com\/s\/e\/notoemoji\/16.0\/1fad9\/72.png\" alt=\"\ud83e\uded9\" width=\"33\" height=\"33\" data-emoji=\"\ud83e\uded9\" aria-label=\"\ud83e\uded9\" \/>\u00a0<img loading=\"lazy\" decoding=\"async\" class=\"an1\" draggable=\"false\" src=\"https:\/\/fonts.gstatic.com\/s\/e\/notoemoji\/16.0\/1f525\/72.png\" alt=\"\ud83d\udd25\" width=\"33\" height=\"33\" data-emoji=\"\ud83d\udd25\" aria-label=\"\ud83d\udd25\" \/>\u00a0<img loading=\"lazy\" decoding=\"async\" class=\"an1\" draggable=\"false\" src=\"https:\/\/fonts.gstatic.com\/s\/e\/notoemoji\/16.0\/1f9ea\/72.png\" alt=\"\ud83e\uddea\" width=\"33\" height=\"33\" data-emoji=\"\ud83e\uddea\" aria-label=\"\ud83e\uddea\" \/>\u00a0W\u0142asne do\u015bwiadczenia i liczna dokumentacja fotograficzna z las\u00f3w i \u0142\u0105k, kt\u00f3ra u\u0142awi\u0107 mo\u017ce czapek rozpoznawanie na ziemskim planie.<\/p>\n","protected":false},"featured_media":6560,"comment_status":"open","ping_status":"closed","template":"","meta":{"_acf_changed":false},"product_brand":[],"product_cat":[77],"product_tag":[],"class_list":{"0":"post-6597","1":"product","2":"type-product","3":"status-publish","4":"has-post-thumbnail","6":"product_cat-ksiazki","8":"first","9":"instock","10":"taxable","11":"shipping-taxable","12":"purchasable","13":"product-type-simple"},"acf":[],"_links":{"self":[{"href":"https:\/\/waldemarborowski.com\/en\/wp-json\/wp\/v2\/product\/6597","targetHints":{"allow":["GET"]}}],"collection":[{"href":"https:\/\/waldemarborowski.com\/en\/wp-json\/wp\/v2\/product"}],"about":[{"href":"https:\/\/waldemarborowski.com\/en\/wp-json\/wp\/v2\/types\/product"}],"replies":[{"embeddable":true,"href":"https:\/\/waldemarborowski.com\/en\/wp-json\/wp\/v2\/comments?post=6597"}],"version-history":[{"count":2,"href":"https:\/\/waldemarborowski.com\/en\/wp-json\/wp\/v2\/product\/6597\/revisions"}],"predecessor-version":[{"id":6978,"href":"https:\/\/waldemarborowski.com\/en\/wp-json\/wp\/v2\/product\/6597\/revisions\/6978"}],"wp:featuredmedia":[{"embeddable":true,"href":"https:\/\/waldemarborowski.com\/en\/wp-json\/wp\/v2\/media\/6560"}],"wp:attachment":[{"href":"https:\/\/waldemarborowski.com\/en\/wp-json\/wp\/v2\/media?parent=6597"}],"wp:term":[{"taxonomy":"product_brand","embeddable":true,"href":"https:\/\/waldemarborowski.com\/en\/wp-json\/wp\/v2\/product_brand?post=6597"},{"taxonomy":"product_cat","embeddable":true,"href":"https:\/\/waldemarborowski.com\/en\/wp-json\/wp\/v2\/product_cat?post=6597"},{"taxonomy":"product_tag","embeddable":true,"href":"https:\/\/waldemarborowski.com\/en\/wp-json\/wp\/v2\/product_tag?post=6597"}],"curies":[{"name":"wp","href":"https:\/\/api.w.org\/{rel}","templated":true}]}}