{"id":6593,"date":"2025-04-29T21:02:30","date_gmt":"2025-04-29T19:02:30","guid":{"rendered":"https:\/\/waldemarborowski.com\/?post_type=product&#038;p=6593"},"modified":"2025-05-11T00:38:11","modified_gmt":"2025-05-10T22:38:11","slug":"eucharystia-muscaria","status":"publish","type":"product","link":"https:\/\/waldemarborowski.com\/en\/produkt\/eucharystia-muscaria\/","title":{"rendered":"Eucharystia muscaria (ksi\u0105\u017cka papierowa)"},"content":{"rendered":"<div class=\"l7ghb35v kjdc1dyq kmwttqpk gh25dzvf jikcssrz n3t5jt4f\">\n<div dir=\"auto\">Spis Tre\u015bci:<\/div>\n<\/div>\n<div class=\"l7ghb35v kjdc1dyq kmwttqpk gh25dzvf jikcssrz n3t5jt4f\">\n<div dir=\"auto\">Wybrane cytaty wprowadzaj\u0105ce do tej pracy\u2026.3<\/div>\n<div dir=\"auto\">Notka prawna ca\u0142kiem zabawna\u20266<\/div>\n<div dir=\"auto\">Podzi\u0119kowania\u20267<\/div>\n<div dir=\"auto\">Wst\u0119p\u2026..8<\/div>\n<div dir=\"auto\">1. No nie wierz\u0119, znowu papie\u017ce?\u2026.10<\/div>\n<div dir=\"auto\">2. Co by\u0142o pierwsze, muchomor czy kolory kr\u00f3lewskie?\u202648<\/div>\n<div dir=\"auto\">3. Transmigracja, transformacja, transfiguracja\u202662<\/div>\n<div dir=\"auto\">4. Ciemno\u015b\u0107! Widz\u0119 ciemno\u015b\u0107!\u202672<\/div>\n<div dir=\"auto\">5. Lignum Vitae \u2013 drzewo co nie\u015bmiertelno\u015b\u0107 daje\u202680<\/div>\n<div dir=\"auto\">6. Pharmakon athanasias \u2013 uzdrawiaj\u0105cy nap\u00f3j Grek\u00f3w od boga dla cz\u0142owiek\u00f3w\u2026102<\/div>\n<div dir=\"auto\">7. Tsahasahm Baskon \u2013 Oczu Otwieracz\u2026 ten kt\u00f3ry nie umiera\u2026138<\/div>\n<div dir=\"auto\">8. Szymon Magush, gruba koperta i Chrystus Farmaceuta\u2026146<\/div>\n<div dir=\"auto\">9. Relikty Bizancjum, \u015awi\u0119ta G\u00f3ra i grzyb\u00f3w fura\u2026..156<\/div>\n<div dir=\"auto\">10. Zwoje znad Morza Martwego i naukowe ego\u2026.200<\/div>\n<div dir=\"auto\">11. Freski, p\u0142\u00f3tna, rze\u017aby, ikony \u2013 artefakt\u00f3w ca\u0142e tony\u2026218<\/div>\n<div dir=\"auto\">12. Jajo de rayo\u2026260<\/div>\n<div dir=\"auto\">13. Chleb kruka, kt\u00f3rego \u015bwi\u0119ty Antoni szuka\u0142\u2026270<\/div>\n<div dir=\"auto\">14. Garuda, krucze klany i odmienne stany\u2026312<\/div>\n<div dir=\"auto\">15. Ciekawe antykwaryczne teksty historyczne\u2026352<\/div>\n<div dir=\"auto\">15.1. Nasz Moscario Agarico do\u015bwiadczany jako \u017cywno\u015b\u0107 \u2013 Batista Grassi (1880)\u2026356<\/div>\n<div dir=\"auto\">15.2. Viridarium Norvegicum I \u2013 Fredrik Christian Schubeler (1886)\u2026364<\/div>\n<div dir=\"auto\">15.3. Berserkergang i muchomor \u2013 Rolf Nordhagen (1930)\u2026368<\/div>\n<div dir=\"auto\">15.4. Czyste niebo \u2013 Stella Kuylenstierna-Andrassy (1948)\u2026.371<\/div>\n<div dir=\"auto\">15.5. Wykorzystanie A. m. w\u015br\u00f3d populacji Kamczatki \u2013 G.H. Langsdorf (1809)\u2026380<\/div>\n<div dir=\"auto\">15.6. Ludzkie Stymulanty \u2013 Carl Hartwich (1911)\u2026.392<\/div>\n<div dir=\"auto\">15.7. W syberyjskiej jurcie \u2013 J. Enderli (1903)\u2026398<\/div>\n<div dir=\"auto\">16. Komunia. Komu unia?\u2026400<\/div>\n<div dir=\"auto\">17. Czysta przysz\u0142o\u015b\u0107\u2026404<\/div>\n<div dir=\"auto\">Bibliografia\u2026412<\/div>\n<div dir=\"auto\">Spis ilustracji\u2026.419<\/div>\n<div dir=\"auto\">Prawie pusta strona, dla Ciebie przeznaczona\u2026420<\/div>\n<\/div>\n","protected":false},"excerpt":{"rendered":"<p>W \u201e\u015awi\u0119tym Grzybogu\u201d opisa\u0142em ba\u015bni przyczyn\u0119, tutaj temat szerzej rozwin\u0119. Wiecie ju\u017c kiedy Mozart do masonerii przysta\u0142 i dlaczego smerf\u00f3w by\u0142o 100, a nie 300? O co chodzi\u0142o w mitach, czym by\u0142y Soma, manna i Eucharystia? Sk\u0105d si\u0119 wzi\u0119\u0142y \u015bwi\u0105tynne kopu\u0142y i co ukrywali cz\u0142onkowie generalnej kapitu\u0142y?<span class=\"Apple-converted-space\">\u00a0<\/span><\/p>\n<p>W tym albumie znajdziecie kolejne ma\u0142o znane fakty i niewygodne, ale zjawiskowe artefakty. Esse\u0144skie miedziane zwoje, o kt\u00f3re toczy\u0142 boje John Marco. Czy by\u0142o warto? Wedyjska poezja, greckie wazy, rzymskie p\u0142askorze\u017aby, \u015bredniowieczne freski, albo ich resztki, iluminowanych manuskypt\u00f3w tomy oraz te najpi\u0119kniej napisane prawos\u0142awne ikony, enteogennych przyk\u0142ad\u00f3w ca\u0142e tony. Ponad kilo bzdury, by si\u0119 przebi\u0107 przez bizantyjskiej wyobra\u017ani mury. Obowi\u0105zkowo w kolorze, bo Grzyb\u00f3g inaczej nie mo\u017ce. Na dobrym papierze, pojawiaj\u0105 si\u0119 zn\u00f3w papie\u017ce i ich historie, w kt\u00f3re nie do ko\u0144ca wierz\u0119.<\/p>\n<p>Czy Coroa Real to to samo co \u015awi\u0119ty Graal? Czy ortodoksyjni mnisi z atoskiej \u015awi\u0119tej G\u00f3ry jedli grzybowe wi\u00f3ry? I jakimi technikami oddychali, gdy \u015awiat\u0142o\u015b\u0107 Przemienienia ogl\u0105dali? Jak to wszystko si\u0119 zacz\u0119\u0142o, jak sko\u0144czy\u0142o i co to w og\u00f3le by\u0142o? Transfiguracja, transmutacja, czy transmigracja? Co\u015b za du\u017co pyta\u0144? Prosta matematyka z tego wynika: du\u017co kapeluszy, du\u017co wizji, ale nie powiedz\u0105 o tym w telewizji. Chwilowa przerwa na wizji. Brak pr\u0105du, by nie zmieni\u0107 \u015bwiatopogl\u0105d\u00f3w. Tymczasem zwiedzicie wiele l\u0105d\u00f3w i poznacie stwory dziwne z wygl\u0105du.<\/p>\n<p>Sk\u0105d si\u0119 wzi\u0119\u0142y w Japonii te lataj\u0105ce gobliny, zap\u0142odnione piorunami dziewczyny i po co samurajowie nosili krucze maski na g\u0142owie? Jak Yamabushi z klanu Sanada marynowali czerwone muchomory, oraz dlaczego zb\u00f3r Paw\u0142a w Koryncie by\u0142 chory. No i wreszcie: Czy nie\u015bmiertelni jadalni bogowie\u2026 poprawiaj\u0105 ludzkie zdrowie? A je\u015bli tak, to komu i jak?<\/p>\n","protected":false},"featured_media":6540,"comment_status":"open","ping_status":"closed","template":"","meta":{"_acf_changed":false},"product_brand":[],"product_cat":[77],"product_tag":[],"class_list":{"0":"post-6593","1":"product","2":"type-product","3":"status-publish","4":"has-post-thumbnail","6":"product_cat-ksiazki","8":"first","9":"instock","10":"taxable","11":"shipping-taxable","12":"purchasable","13":"product-type-simple"},"acf":[],"_links":{"self":[{"href":"https:\/\/waldemarborowski.com\/en\/wp-json\/wp\/v2\/product\/6593","targetHints":{"allow":["GET"]}}],"collection":[{"href":"https:\/\/waldemarborowski.com\/en\/wp-json\/wp\/v2\/product"}],"about":[{"href":"https:\/\/waldemarborowski.com\/en\/wp-json\/wp\/v2\/types\/product"}],"replies":[{"embeddable":true,"href":"https:\/\/waldemarborowski.com\/en\/wp-json\/wp\/v2\/comments?post=6593"}],"version-history":[{"count":3,"href":"https:\/\/waldemarborowski.com\/en\/wp-json\/wp\/v2\/product\/6593\/revisions"}],"predecessor-version":[{"id":6977,"href":"https:\/\/waldemarborowski.com\/en\/wp-json\/wp\/v2\/product\/6593\/revisions\/6977"}],"wp:featuredmedia":[{"embeddable":true,"href":"https:\/\/waldemarborowski.com\/en\/wp-json\/wp\/v2\/media\/6540"}],"wp:attachment":[{"href":"https:\/\/waldemarborowski.com\/en\/wp-json\/wp\/v2\/media?parent=6593"}],"wp:term":[{"taxonomy":"product_brand","embeddable":true,"href":"https:\/\/waldemarborowski.com\/en\/wp-json\/wp\/v2\/product_brand?post=6593"},{"taxonomy":"product_cat","embeddable":true,"href":"https:\/\/waldemarborowski.com\/en\/wp-json\/wp\/v2\/product_cat?post=6593"},{"taxonomy":"product_tag","embeddable":true,"href":"https:\/\/waldemarborowski.com\/en\/wp-json\/wp\/v2\/product_tag?post=6593"}],"curies":[{"name":"wp","href":"https:\/\/api.w.org\/{rel}","templated":true}]}}