{"id":5822,"date":"2025-02-18T12:58:44","date_gmt":"2025-02-18T11:58:44","guid":{"rendered":"https:\/\/waldemarborowski.com\/?post_type=product&#038;p=5822"},"modified":"2025-05-23T12:40:13","modified_gmt":"2025-05-23T10:40:13","slug":"grzybobajki-pdf","status":"publish","type":"product","link":"https:\/\/waldemarborowski.com\/en\/produkt\/grzybobajki-pdf\/","title":{"rendered":"Grzybajki (pdf)"},"content":{"rendered":"<p>SPIS TRE\u015aCI,\u00a0kt\u00f3ry sporo mie\u015bci<\/p>\n<p>Wybrane cytaty wprowadzaj\u0105ce do tej pracy&#8230;&#8230;&#8230;&#8230;&#8230;&#8230;&#8230;&#8230;&#8230;&#8230;&#8230;&#8230;&#8230;&#8230;&#8230;&#8230;&#8230;&#8230;&#8230;&#8230;3<\/p>\n<p>Notka prawna ca\u0142kiem zabawna&#8230;&#8230;&#8230;&#8230;&#8230;&#8230;&#8230;&#8230;&#8230;&#8230;&#8230;&#8230;&#8230;&#8230;&#8230;&#8230;&#8230;&#8230;&#8230;&#8230;&#8230;&#8230;&#8230;&#8230;&#8230;6<\/p>\n<p>Podzi\u0119kowania&#8230;&#8230;&#8230;&#8230;&#8230;&#8230;&#8230;&#8230;&#8230;&#8230;&#8230;&#8230;&#8230;&#8230;&#8230;&#8230;&#8230;&#8230;&#8230;&#8230;&#8230;&#8230;&#8230;&#8230;&#8230;&#8230;&#8230;&#8230;&#8230;&#8230;&#8230;&#8230;&#8230;&#8230;&#8230;&#8230;&#8230;&#8230;7<\/p>\n<p>Wst\u0119p&#8230;&#8230;&#8230;&#8230;&#8230;&#8230;&#8230;&#8230;&#8230;&#8230;&#8230;&#8230;&#8230;&#8230;&#8230;&#8230;&#8230;&#8230;&#8230;&#8230;&#8230;&#8230;&#8230;&#8230;&#8230;&#8230;&#8230;&#8230;&#8230;&#8230;&#8230;&#8230;&#8230;&#8230;&#8230;&#8230;&#8230;&#8230;&#8230;&#8230;&#8230;&#8230;..8<\/p>\n<p>1.\u00a0Kartki kolorowe\u00a0i toasty sylwestrowe&#8230;&#8230;&#8230;&#8230;&#8230;&#8230;&#8230;&#8230;&#8230;&#8230;&#8230;&#8230;&#8230;&#8230;&#8230;&#8230;&#8230;&#8230;&#8230;&#8230;&#8230;.10<\/p>\n<p>2.\u00a0Muchomor\u00a0czerwony \u2013\u00a0historie mityczne i\u00a0informacje praktyczne&#8230;&#8230;&#8230;&#8230;&#8230;&#8230;&#8230;&#8230;&#8230;&#8230;22<\/p>\n<p>2.1. Biologia\u00a0plus\u00a0mitologia: \u015bwi\u0119te drzewa i bogowie biegli w s\u0142owie&#8230;&#8230;&#8230;&#8230;&#8230;&#8230;&#8230;&#8230;.23<\/p>\n<p>2.2.\u00a0Rozpoznanie, zbi\u00f3r i &#8216;suszenie na wi\u00f3r&#8217;&#8230;&#8230;&#8230;&#8230;&#8230;&#8230;&#8230;&#8230;&#8230;&#8230;&#8230;&#8230;&#8230;&#8230;&#8230;&#8230;&#8230;&#8230;&#8230;42<\/p>\n<p>2.3. Kurowanie i przechowywanie&#8230;&#8230;&#8230;&#8230;&#8230;&#8230;&#8230;&#8230;&#8230;&#8230;&#8230;&#8230;&#8230;&#8230;&#8230;&#8230;&#8230;&#8230;&#8230;&#8230;&#8230;&#8230;&#8230;98<\/p>\n<p>2.4. Dawkowanie\u00a0na\u00a0wieczerz\u0119 lub\u00a0\u015bniadanie&#8230;&#8230;&#8230;&#8230;&#8230;&#8230;&#8230;&#8230;&#8230;&#8230;&#8230;&#8230;&#8230;&#8230;&#8230;&#8230;&#8230;&#8230;100<\/p>\n<p>2.5. Ambrozja alchemik\u00f3w\u00a0dla dobrych wynik\u00f3w&#8230;&#8230;&#8230;&#8230;&#8230;&#8230;&#8230;&#8230;&#8230;&#8230;&#8230;&#8230;&#8230;&#8230;&#8230;&#8230;104<\/p>\n<p>2.6.\u00a0Wino Galilejskie\u00a0i\u00a0wizje anielskie&#8230;&#8230;&#8230;&#8230;&#8230;&#8230;&#8230;&#8230;&#8230;&#8230;&#8230;&#8230;&#8230;&#8230;&#8230;&#8230;&#8230;&#8230;&#8230;&#8230;&#8230;108<\/p>\n<p>2.7. Szejk szyszynki\u00a0dla ch\u0142opczyka i dziewczynki&#8230;&#8230;&#8230;&#8230;&#8230;&#8230;&#8230;&#8230;&#8230;&#8230;&#8230;&#8230;&#8230;&#8230;&#8230;&#8230;&#8230;114<\/p>\n<p>2.8.\u00a0Magiczne mleko\u00a0by lecie\u0107\u00a0daleko&#8230;&#8230;&#8230;&#8230;&#8230;&#8230;&#8230;&#8230;&#8230;&#8230;&#8230;&#8230;&#8230;&#8230;&#8230;&#8230;&#8230;&#8230;&#8230;&#8230;&#8230;&#8230;&#8230;.146<\/p>\n<p>2.9.\u00a0Oto pitne z\u0142oto&#8230;&#8230;&#8230;&#8230;&#8230;&#8230;&#8230;&#8230;&#8230;&#8230;&#8230;&#8230;&#8230;&#8230;&#8230;&#8230;&#8230;&#8230;&#8230;&#8230;&#8230;&#8230;&#8230;&#8230;&#8230;&#8230;&#8230;&#8230;..151<\/p>\n<p>2.10.\u00a0BHP, nastawienie, otoczenie&#8230;&#8230;&#8230;&#8230;&#8230;&#8230;&#8230;&#8230;&#8230;&#8230;&#8230;&#8230;&#8230;&#8230;&#8230;&#8230;&#8230;&#8230;&#8230;&#8230;&#8230;&#8230;.156<\/p>\n<p>2.11.\u00a0Agaricus muscarius\u00a0w homeopatii uzdrawia z apatii&#8230;&#8230;&#8230;&#8230;&#8230;&#8230;&#8230;&#8230;&#8230;&#8230;&#8230;&#8230;&#8230;160<\/p>\n<p>2.12.\u00a0Przybysze, ama homeopatyczna i komora normobaryczna&#8230;&#8230;&#8230;&#8230;&#8230;&#8230;&#8230;&#8230;&#8230;&#8230;..165<\/p>\n<p>3. Grzyby podobne\u00a0i\u00a0raczej\u00a0niemodne&#8230;&#8230;&#8230;&#8230;&#8230;&#8230;&#8230;&#8230;&#8230;&#8230;&#8230;&#8230;&#8230;&#8230;&#8230;&#8230;&#8230;&#8230;&#8230;&#8230;&#8230;.172<\/p>\n<p>3.1.\u00a0Muchomor plamisty \u2013\u00a0Sprzyjaciel\u00a0Wieczysty&#8230;&#8230;&#8230;&#8230;&#8230;&#8230;&#8230;&#8230;&#8230;&#8230;&#8230;&#8230;&#8230;&#8230;&#8230;&#8230;172<\/p>\n<p>3.2. Muchomor kr\u00f3lewski \u2013\u00a0Kr\u00f3l Wieszczy&#8230;&#8230;&#8230;&#8230;&#8230;&#8230;&#8230;&#8230;&#8230;&#8230;&#8230;&#8230;&#8230;&#8230;&#8230;&#8230;&#8230;&#8230;..174<\/p>\n<p>3.3. Inne\u00a0kapelusze, kt\u00f3rych nie susz\u0119&#8230;&#8230;&#8230;&#8230;&#8230;&#8230;&#8230;&#8230;&#8230;&#8230;&#8230;&#8230;&#8230;&#8230;&#8230;&#8230;&#8230;&#8230;&#8230;&#8230;.176<\/p>\n<p>4.\u00a0Z\u0142oty nauczyciel \u2013\u00a0duchowy\u00a0uzdrowiciel&#8230;&#8230;&#8230;&#8230;&#8230;&#8230;&#8230;&#8230;&#8230;&#8230;&#8230;&#8230;&#8230;&#8230;&#8230;&#8230;&#8230;&#8230;&#8230;186<\/p>\n<p>4.1.\u00a0Magiczne kopu\u0142y, zdrowsze ni\u017c pigu\u0142y?&#8230;&#8230;&#8230;&#8230;&#8230;&#8230;&#8230;&#8230;&#8230;&#8230;&#8230;&#8230;&#8230;&#8230;&#8230;&#8230;&#8230;&#8230;186<\/p>\n<p>4.2.\u00a0Profesor\u00a0Z\u0142oty i pierwsze loty\u00a0(Psilocybe cubensis\u00a0mckennai)&#8230;&#8230;&#8230;&#8230;&#8230;&#8230;&#8230;&#8230;&#8230;&#8230;.206<\/p>\n<p>4.3.\u00a0W ciszy sam, 5 gram\u00a0(Psilocybe cubensis)&#8230;&#8230;&#8230;&#8230;&#8230;&#8230;&#8230;&#8230;&#8230;&#8230;&#8230;&#8230;&#8230;&#8230;&#8230;&#8230;&#8230;&#8230;&#8230;220<\/p>\n<p>5.\u00a0Psilocybe cayacenses\u00a0\u2013 grzyb z zasi\u0119giem&#8230;&#8230;&#8230;&#8230;&#8230;&#8230;&#8230;&#8230;&#8230;&#8230;&#8230;&#8230;&#8230;&#8230;&#8230;&#8230;&#8230;&#8230;..224<\/p>\n<p>6.\u00a0\u0141ysiczka lancetowata \u2013\u00a0na jesieni troch\u0119 lata&#8230;&#8230;&#8230;&#8230;&#8230;&#8230;&#8230;&#8230;&#8230;&#8230;&#8230;&#8230;&#8230;&#8230;&#8230;&#8230;&#8230;..230<\/p>\n<p>6.1. Zarys biologiczno-historyczno-kulturowy,\u00a0nieco\u00a0spiskowy&#8230;&#8230;&#8230;&#8230;&#8230;&#8230;&#8230;&#8230;&#8230;&#8230;..230<\/p>\n<p>6.2.\u00a0Zbi\u00f3r\u00a0i suszenie na wi\u00f3r&#8230;&#8230;&#8230;&#8230;&#8230;&#8230;&#8230;&#8230;&#8230;&#8230;&#8230;&#8230;&#8230;&#8230;&#8230;&#8230;&#8230;&#8230;&#8230;&#8230;&#8230;&#8230;&#8230;&#8230;&#8230;.266<\/p>\n<p>6.3.\u00a0Dawkowanie\u00a0na\u00a0polanie&#8230;&#8230;&#8230;&#8230;&#8230;&#8230;&#8230;&#8230;&#8230;&#8230;&#8230;&#8230;&#8230;&#8230;&#8230;&#8230;&#8230;&#8230;&#8230;&#8230;&#8230;&#8230;&#8230;&#8230;.272<\/p>\n<p>6.4. NPLS i niejeden bies&#8230;&#8230;&#8230;&#8230;&#8230;&#8230;&#8230;&#8230;&#8230;&#8230;&#8230;&#8230;&#8230;&#8230;&#8230;&#8230;&#8230;&#8230;&#8230;&#8230;&#8230;&#8230;&#8230;&#8230;&#8230;..274<\/p>\n<p>6.5.\u00a0Herbata skrzata&#8230;&#8230;&#8230;&#8230;&#8230;&#8230;&#8230;&#8230;&#8230;&#8230;&#8230;&#8230;&#8230;&#8230;&#8230;&#8230;&#8230;&#8230;&#8230;&#8230;&#8230;&#8230;&#8230;&#8230;&#8230;&#8230;&#8230;..276<\/p>\n<p>6.6.\u00a0Psylocybina i\u00a0Aqua\u00a0divina?\u00a0Zapraszamy do kina!&#8230;&#8230;&#8230;&#8230;&#8230;&#8230;&#8230;&#8230;&#8230;&#8230;&#8230;&#8230;&#8230;&#8230;.277<\/p>\n<p>6.7.\u00a0Przepis cud na niebieski mi\u00f3d&#8230;&#8230;&#8230;&#8230;&#8230;&#8230;&#8230;&#8230;&#8230;&#8230;&#8230;&#8230;&#8230;&#8230;&#8230;&#8230;&#8230;&#8230;&#8230;&#8230;&#8230;&#8230;280<\/p>\n<p>6.8.\u00a0\u015amietana\u00a0Su\u0142tana&#8230;&#8230;&#8230;&#8230;&#8230;&#8230;&#8230;&#8230;&#8230;&#8230;&#8230;&#8230;&#8230;&#8230;&#8230;&#8230;&#8230;&#8230;&#8230;&#8230;&#8230;&#8230;&#8230;&#8230;&#8230;&#8230;&#8230;282<\/p>\n<p>6.9.\u00a0Kulka przytulka&#8230;&#8230;&#8230;&#8230;&#8230;&#8230;&#8230;&#8230;&#8230;&#8230;&#8230;&#8230;&#8230;&#8230;&#8230;&#8230;&#8230;&#8230;&#8230;&#8230;&#8230;&#8230;&#8230;&#8230;&#8230;&#8230;&#8230;.283<\/p>\n<p>6.10.\u00a0BHP znaczy: Bezpiecze\u0144stwo i\u00a0Higiena Pracy&#8230;&#8230;&#8230;&#8230;&#8230;&#8230;&#8230;&#8230;&#8230;&#8230;&#8230;&#8230;&#8230;&#8230;&#8230;286<\/p>\n<p>6.11.\u00a0Eksperymenty naukowe &#8211;\u00a0czy\u00a0kapelusiaki\u00a0s\u0105\u00a0zdrowe?&#8230;&#8230;&#8230;&#8230;&#8230;&#8230;&#8230;&#8230;&#8230;&#8230;&#8230;&#8230;287<\/p>\n<p>7.\u00a0Inne ma\u0142e grzyby, podobne\u00a0niby&#8230;&#8230;&#8230;&#8230;&#8230;&#8230;&#8230;&#8230;&#8230;&#8230;&#8230;&#8230;&#8230;&#8230;&#8230;&#8230;&#8230;&#8230;&#8230;&#8230;&#8230;&#8230;..289<\/p>\n<p>8.\u00a0LSD &#8211; koty, delfiny, modu\u0142owe samochody i plastikowe brody&#8230;&#8230;&#8230;&#8230;&#8230;&#8230;&#8230;&#8230;&#8230;&#8230;.298<\/p>\n<p>9.\u00a0Droga cierpliwo\u015bci, czy droga odwagi?\u00a0Lu\u017ane uwagi&#8230;&#8230;&#8230;&#8230;&#8230;&#8230;&#8230;&#8230;&#8230;&#8230;&#8230;&#8230;&#8230;&#8230;.322<\/p>\n<p>Bibliografia&#8230;&#8230;&#8230;&#8230;&#8230;&#8230;&#8230;&#8230;&#8230;&#8230;&#8230;&#8230;&#8230;&#8230;&#8230;&#8230;&#8230;&#8230;&#8230;&#8230;&#8230;&#8230;&#8230;&#8230;&#8230;&#8230;&#8230;&#8230;&#8230;&#8230;&#8230;&#8230;&#8230;&#8230;&#8230;&#8230;&#8230;&#8230;.328<\/p>\n<p>Spis ilustracji&#8230;&#8230;&#8230;&#8230;&#8230;&#8230;&#8230;&#8230;&#8230;&#8230;&#8230;&#8230;&#8230;&#8230;&#8230;&#8230;&#8230;&#8230;&#8230;&#8230;&#8230;&#8230;&#8230;&#8230;&#8230;&#8230;&#8230;&#8230;&#8230;&#8230;..332<\/p>\n<p>Prawie pusta strona, dla Ciebie\u00a0przeznaczona&#8230;&#8230;&#8230;&#8230;&#8230;&#8230;&#8230;&#8230;&#8230;&#8230;&#8230;&#8230;&#8230;&#8230;&#8230;&#8230;&#8230;&#8230;.333<\/p>\n","protected":false},"excerpt":{"rendered":"<p><img decoding=\"async\" class=\"an1\" draggable=\"false\" src=\"https:\/\/fonts.gstatic.com\/s\/e\/notoemoji\/16.0\/2728\/72.png\" alt=\"\u2728\" width=\"33\" height=\"33\" data-emoji=\"\u2728\" aria-label=\"\u2728\" \/>\u00a0&#8220;Grzybajki&#8221;.\u00a0<img decoding=\"async\" class=\"an1\" draggable=\"false\" src=\"https:\/\/fonts.gstatic.com\/s\/e\/notoemoji\/16.0\/1f344\/72.png\" alt=\"\ud83c\udf44\" width=\"33\" height=\"33\" data-emoji=\"\ud83c\udf44\" aria-label=\"\ud83c\udf44\" \/>\u00a0Tytu\u0142 trzeciej cz\u0119\u015bci grzybowego pi\u0119cioksi\u0119gu\u00a0<img decoding=\"async\" class=\"an1\" draggable=\"false\" src=\"https:\/\/fonts.gstatic.com\/s\/e\/notoemoji\/16.0\/1f4da\/72.png\" alt=\"\ud83d\udcda\" width=\"33\" height=\"33\" data-emoji=\"\ud83d\udcda\" aria-label=\"\ud83d\udcda\" \/>\u00a0jest troch\u0119 myl\u0105cy, bo to ksi\u0105\u017cka, obok &#8220;Grzybowego zdrowia&#8221;, najbardziej traktuj\u0105ca o praktycznym zastosowaniu dar\u00f3w lasu.\u00a0<img loading=\"lazy\" decoding=\"async\" class=\"an1\" draggable=\"false\" src=\"https:\/\/fonts.gstatic.com\/s\/e\/notoemoji\/16.0\/1f332\/72.png\" alt=\"\ud83c\udf32\" width=\"33\" height=\"33\" data-emoji=\"\ud83c\udf32\" aria-label=\"\ud83c\udf32\" \/>\u00a0<img loading=\"lazy\" decoding=\"async\" class=\"an1\" draggable=\"false\" src=\"https:\/\/fonts.gstatic.com\/s\/e\/notoemoji\/16.0\/1f98c\/72.png\" alt=\"\ud83e\udd8c\" width=\"33\" height=\"33\" data-emoji=\"\ud83e\udd8c\" aria-label=\"\ud83e\udd8c\" \/>\u00a0<img loading=\"lazy\" decoding=\"async\" class=\"an1\" draggable=\"false\" src=\"https:\/\/fonts.gstatic.com\/s\/e\/notoemoji\/16.0\/1f385\/72.png\" alt=\"\ud83c\udf85\" width=\"33\" height=\"33\" data-emoji=\"\ud83c\udf85\" aria-label=\"\ud83c\udf85\" \/>\u00a0<img decoding=\"async\" class=\"an1\" draggable=\"false\" src=\"https:\/\/fonts.gstatic.com\/s\/e\/notoemoji\/16.0\/2728\/72.png\" alt=\"\u2728\" width=\"33\" height=\"33\" data-emoji=\"\u2728\" aria-label=\"\u2728\" \/>\u00a0<img loading=\"lazy\" decoding=\"async\" class=\"an1\" draggable=\"false\" src=\"https:\/\/fonts.gstatic.com\/s\/e\/notoemoji\/16.0\/1f9f2\/72.png\" alt=\"\ud83e\uddf2\" width=\"33\" height=\"33\" data-emoji=\"\ud83e\uddf2\" aria-label=\"\ud83e\uddf2\" \/>\u00a0 Sezony, zbieranie, odr\u00f3\u017cnianie, suszenie, kurowanie, przechowywanie, dawki rekreacyjne, tytaniczne, heroiczne, terapeutyczne itd. <img loading=\"lazy\" decoding=\"async\" class=\"an1\" draggable=\"false\" src=\"https:\/\/fonts.gstatic.com\/s\/e\/notoemoji\/16.0\/1fad9\/72.png\" alt=\"\ud83e\uded9\" width=\"33\" height=\"33\" data-emoji=\"\ud83e\uded9\" aria-label=\"\ud83e\uded9\" \/>\u00a0<img loading=\"lazy\" decoding=\"async\" class=\"an1\" draggable=\"false\" src=\"https:\/\/fonts.gstatic.com\/s\/e\/notoemoji\/16.0\/1f525\/72.png\" alt=\"\ud83d\udd25\" width=\"33\" height=\"33\" data-emoji=\"\ud83d\udd25\" aria-label=\"\ud83d\udd25\" \/>\u00a0<img loading=\"lazy\" decoding=\"async\" class=\"an1\" draggable=\"false\" src=\"https:\/\/fonts.gstatic.com\/s\/e\/notoemoji\/16.0\/1f9ea\/72.png\" alt=\"\ud83e\uddea\" width=\"33\" height=\"33\" data-emoji=\"\ud83e\uddea\" aria-label=\"\ud83e\uddea\" \/> W\u0142asne do\u015bwiadczenia i liczna dokumentacja fotograficzna z las\u00f3w i \u0142\u0105k, kt\u00f3ra u\u0142awi\u0107 mo\u017ce czapek rozpoznawanie na ziemskim planie.<\/p>\n","protected":false},"featured_media":6560,"comment_status":"open","ping_status":"closed","template":"","meta":{"_acf_changed":false},"product_brand":[],"product_cat":[80],"product_tag":[],"class_list":{"0":"post-5822","1":"product","2":"type-product","3":"status-publish","4":"has-post-thumbnail","6":"product_cat-ebooki","8":"first","9":"instock","10":"downloadable","11":"virtual","12":"taxable","13":"purchasable","14":"product-type-simple"},"acf":[],"_links":{"self":[{"href":"https:\/\/waldemarborowski.com\/en\/wp-json\/wp\/v2\/product\/5822","targetHints":{"allow":["GET"]}}],"collection":[{"href":"https:\/\/waldemarborowski.com\/en\/wp-json\/wp\/v2\/product"}],"about":[{"href":"https:\/\/waldemarborowski.com\/en\/wp-json\/wp\/v2\/types\/product"}],"replies":[{"embeddable":true,"href":"https:\/\/waldemarborowski.com\/en\/wp-json\/wp\/v2\/comments?post=5822"}],"version-history":[{"count":11,"href":"https:\/\/waldemarborowski.com\/en\/wp-json\/wp\/v2\/product\/5822\/revisions"}],"predecessor-version":[{"id":6103,"href":"https:\/\/waldemarborowski.com\/en\/wp-json\/wp\/v2\/product\/5822\/revisions\/6103"}],"wp:featuredmedia":[{"embeddable":true,"href":"https:\/\/waldemarborowski.com\/en\/wp-json\/wp\/v2\/media\/6560"}],"wp:attachment":[{"href":"https:\/\/waldemarborowski.com\/en\/wp-json\/wp\/v2\/media?parent=5822"}],"wp:term":[{"taxonomy":"product_brand","embeddable":true,"href":"https:\/\/waldemarborowski.com\/en\/wp-json\/wp\/v2\/product_brand?post=5822"},{"taxonomy":"product_cat","embeddable":true,"href":"https:\/\/waldemarborowski.com\/en\/wp-json\/wp\/v2\/product_cat?post=5822"},{"taxonomy":"product_tag","embeddable":true,"href":"https:\/\/waldemarborowski.com\/en\/wp-json\/wp\/v2\/product_tag?post=5822"}],"curies":[{"name":"wp","href":"https:\/\/api.w.org\/{rel}","templated":true}]}}