{"id":5819,"date":"2025-02-18T12:56:45","date_gmt":"2025-02-18T11:56:45","guid":{"rendered":"https:\/\/waldemarborowski.com\/?post_type=product&#038;p=5819"},"modified":"2025-04-29T21:41:28","modified_gmt":"2025-04-29T19:41:28","slug":"grzybowe-zdrowie","status":"publish","type":"product","link":"https:\/\/waldemarborowski.com\/en\/produkt\/grzybowe-zdrowie\/","title":{"rendered":"Grzybowe Zdrowie (pdf)"},"content":{"rendered":"<div id=\"post-body-6072673697309287963\" class=\"post-body entry-content\">\n<p>SPIS RE\u015aCI<\/p>\n<p>Cytaty wprowadzaj\u0105ce do tej pracy\u2026\u2026\u2026\u2026\u2026\u2026\u2026\u2026\u2026\u2026\u2026\u2026..\u2026\u2026\u2026\u2026\u2026\u2026\u2026.\u2026\u2026\u2026.3<\/p>\n<p>Notka prawna ca\u0142kiem zabawna\u2026\u2026\u2026\u2026\u2026\u2026\u2026\u2026\u2026\u2026\u2026\u2026\u2026\u2026..\u2026\u2026\u2026\u2026\u2026\u2026.\u2026.\u2026\u2026.6<\/p>\n<p>Podzi\u0119kowania&#8230;&#8230;&#8230;&#8230;&#8230;&#8230;&#8230;&#8230;&#8230;&#8230;&#8230;&#8230;&#8230;&#8230;&#8230;&#8230;&#8230;&#8230;&#8230;&#8230;&#8230;\u2026\u2026\u2026\u2026\u2026\u2026&#8230;&#8230;.\u2026\u2026\u2026\u2026.\u2026&#8230;&#8230;&#8230;7<\/p>\n<p>Wst\u0119p&#8230;&#8230;&#8230;&#8230;&#8230;&#8230;&#8230;&#8230;&#8230;&#8230;&#8230;&#8230;&#8230;&#8230;&#8230;&#8230;&#8230;&#8230;&#8230;&#8230;&#8230;&#8230;&#8230;&#8230;&#8230;&#8230;&#8230;..\u2026\u2026\u2026\u2026\u2026&#8230;&#8230;\u2026\u2026\u2026\u2026.\u2026&#8230;&#8230;..8<\/p>\n<p>1. Mykeny, Perseusz, Meduza i sok z arbuza\u2026\u2026\u2026\u2026\u2026\u2026\u2026\u2026\u2026\u2026\u2026\u2026\u2026\u2026\u2026\u2026.\u2026\u2026&#8230;14<\/p>\n<p>2. Tractatum alchemicum\u2026\u2026\u2026\u2026\u2026\u2026\u2026\u2026\u2026\u2026\u2026\u2026\u2026\u2026\u2026\u2026\u2026\u2026\u2026\u2026\u2026\u2026\u2026\u2026.\u2026&#8230;..42<\/p>\n<p>3. \u015awinie, krasnoludki, kominiarze i zapomniany \u015bwiat marze\u0144\u2026\u2026\u2026\u2026\u2026\u2026\u2026\u2026\u2026.\u2026&#8230;..52<\/p>\n<p>4. Biochemiczno-mityczny potencja\u0142 kapelusza, kt\u00f3ry si\u0119 podsusza\u0142\u2026\u2026\u2026\u2026\u2026\u2026\u2026\u2026\u2026..76<\/p>\n<p>5. Prze\u0142omowe badania na temat uzdrawiania\u2026\u2026\u2026\u2026\u2026\u2026..\u2026\u2026\u2026\u2026\u2026\u2026\u2026\u2026\u2026\u2026&#8230;&#8230;124<\/p>\n<p>5.1. Psylocybowe mikrodawkowanie w ameryka\u0144skim stanie i na polskiej polanie\u2026\u2026.124<\/p>\n<p>5.2. Amanitowe mikrodawkowanie i jego na r\u00f3\u017cne choroby dzia\u0142anie\u2026\u2026\u2026\u2026\u2026\u2026\u2026..142<\/p>\n<p>5.3. Alkohol, narkotyki, porno, hazard i inne uzale\u017cnienia. Czy grzyb co\u015b zmieni\u2026\u2026&#8230;.160<\/p>\n<p>5.4. Cukier, mi\u0119so, surowe mleko, dzikie plemiona i wiedza utracona..\u2026\u2026\u2026&#8230;\u2026\u2026\u2026.206<\/p>\n<p>5.5. Grzyby, bakterie, wirusy i faza zdrowienia \u2013 medycyna si\u0119 zmienia\u2026\u2026\u2026\u2026\u2026..\u2026212<\/p>\n<p>5.6. Ruch, aktywno\u015b\u0107, kreatywno\u015b\u0107, sztuka i nauka\u2026\u2026\u2026\u2026\u2026\u2026\u2026\u2026\u2026\u2026\u2026\u2026\u2026..\u2026.218<\/p>\n<p>5.7. \u201ePr\u00f3\u017cna chwa\u0142a\u201d, narcyzm, kamienie nerkowe i inne przeciwwskazania do dawkowania (oraz kilka s\u0142\u00f3w podsumowania)\u2026\u2026\u2026\u2026\u2026\u2026\u2026\u2026\u2026\u2026\u2026\u2026\u2026\u2026\u2026\u2026\u2026\u2026\u2026\u2026.\u2026..\u2026.228<\/p>\n<p>6. Amanitowe ekstrakty, nalewki, ma\u015bci, maceraty, tynktury, mixtury\u2026.\u2026\u2026\u2026\u2026&#8230;\u2026.\u2026.260<\/p>\n<p>7. Rozdzia\u0142 ku przestrodze, czyli o tym jak Ama mo\u017ce sponiewiera\u0107 srodze\u2026\u2026&#8230;.\u2026\u2026&#8230;.265<\/p>\n<p>8. Fakty historyczne i (nie)zwyczajne przepisy gastronomiczne\u2026\u2026\u2026\u2026\u2026.\u2026\u2026\u2026\u2026\u2026&#8230;274<\/p>\n<p>9. Komentarze, krytyka i relacje u\u017cytkownik\u00f3w pe\u0142ne dobrych wynik\u00f3w\u2026\u2026\u2026\u2026\u2026.\u2026&#8230;.280<\/p>\n<p>Appendix: Wp\u0142yw mikrodozowania muchomora czerwonego (Amanita muscaria) na wyniki bada\u0144 pr\u00f3b w\u0105trobowych\u2026\u2026\u2026\u2026\u2026\u2026\u2026\u2026\u2026\u2026\u2026\u2026\u2026\u2026\u2026\u2026\u2026\u2026\u2026\u2026\u2026\u2026\u2026\u2026\u2026&#8230;.348<\/p>\n<p>Bibliografia&#8230;&#8230;&#8230;&#8230;&#8230;&#8230;&#8230;&#8230;&#8230;&#8230;&#8230;&#8230;&#8230;&#8230;&#8230;&#8230;&#8230;&#8230;&#8230;&#8230;&#8230;&#8230;&#8230;.\u2026\u2026\u2026\u2026\u2026&#8230;&#8230;&#8230;.\u2026\u2026\u2026\u2026\u2026&#8230;..353<\/p>\n<p>Spis ilustracji\u2026\u2026\u2026\u2026\u2026\u2026\u2026\u2026\u2026\u2026\u2026\u2026\u2026\u2026\u2026\u2026\u2026\u2026\u2026\u2026\u2026\u2026\u2026\u2026\u2026\u2026\u2026\u2026\u2026..\u2026.359<\/p>\n<p>Pusta strona, dla Ciebie przeznaczona\u2026\u2026\u2026\u2026\u2026\u2026\u2026\u2026\u2026\u2026\u2026\u2026\u2026\u2026\u2026\u2026\u2026\u2026\u2026.\u2026&#8230;360<\/p>\n<div><\/div>\n<\/div>\n<div class=\"post-footer\"><\/div>\n","protected":false},"excerpt":{"rendered":"<p><img decoding=\"async\" class=\"an1\" draggable=\"false\" src=\"https:\/\/fonts.gstatic.com\/s\/e\/notoemoji\/16.0\/2728\/72.png\" alt=\"\u2728\" width=\"33\" height=\"33\" data-emoji=\"\u2728\" aria-label=\"\u2728\" \/> Kolejna, bardziej praktyczna cz\u0119\u015b\u0107 grzybowej serii zapocz\u0105tkowanej przez ksi\u0105\u017ck\u0119 &#8220;\u015awi\u0119ty Grzyb\u00f3g&#8221;, kt\u00f3ra opr\u00f3cz kontekstu historyczno-kulturowego traktuje o przechowywaniu i mikrodawkowaniu grzyb\u00f3w psylocybowych i <img decoding=\"async\" class=\"an1\" draggable=\"false\" src=\"https:\/\/fonts.gstatic.com\/s\/e\/notoemoji\/16.0\/1f344\/72.png\" alt=\"\ud83c\udf44\" width=\"33\" height=\"33\" data-emoji=\"\ud83c\udf44\" aria-label=\"\ud83c\udf44\" \/> muchomora czerwonego (Amanita muscaria). <img decoding=\"async\" class=\"an1\" draggable=\"false\" src=\"https:\/\/fonts.gstatic.com\/s\/e\/notoemoji\/16.0\/2728\/72.png\" alt=\"\u2728\" width=\"33\" height=\"33\" data-emoji=\"\u2728\" aria-label=\"\u2728\" \/>\u00a0\u00a0\u00a0<img decoding=\"async\" class=\"an1\" draggable=\"false\" src=\"https:\/\/fonts.gstatic.com\/s\/e\/notoemoji\/16.0\/1f4da\/72.png\" alt=\"\ud83d\udcda\" width=\"33\" height=\"33\" data-emoji=\"\ud83d\udcda\" aria-label=\"\ud83d\udcda\" \/> Ksi\u0105\u017cka, obok &#8220;Grzybajek&#8221;, najbardziej traktuj\u0105ca o praktycznym zastosowaniu dar\u00f3w lasu. <img loading=\"lazy\" decoding=\"async\" class=\"an1\" draggable=\"false\" src=\"https:\/\/fonts.gstatic.com\/s\/e\/notoemoji\/16.0\/1f332\/72.png\" alt=\"\ud83c\udf32\" width=\"33\" height=\"33\" data-emoji=\"\ud83c\udf32\" aria-label=\"\ud83c\udf32\" \/>\u00a0<img loading=\"lazy\" decoding=\"async\" class=\"an1\" draggable=\"false\" src=\"https:\/\/fonts.gstatic.com\/s\/e\/notoemoji\/16.0\/1f98c\/72.png\" alt=\"\ud83e\udd8c\" width=\"33\" height=\"33\" data-emoji=\"\ud83e\udd8c\" aria-label=\"\ud83e\udd8c\" \/>\u00a0<img loading=\"lazy\" decoding=\"async\" class=\"an1\" draggable=\"false\" src=\"https:\/\/fonts.gstatic.com\/s\/e\/notoemoji\/16.0\/1f385\/72.png\" alt=\"\ud83c\udf85\" width=\"33\" height=\"33\" data-emoji=\"\ud83c\udf85\" aria-label=\"\ud83c\udf85\" \/>\u00a0<img decoding=\"async\" class=\"an1\" draggable=\"false\" src=\"https:\/\/fonts.gstatic.com\/s\/e\/notoemoji\/16.0\/2728\/72.png\" alt=\"\u2728\" width=\"33\" height=\"33\" data-emoji=\"\u2728\" aria-label=\"\u2728\" \/>\u00a0<img loading=\"lazy\" decoding=\"async\" class=\"an1\" draggable=\"false\" src=\"https:\/\/fonts.gstatic.com\/s\/e\/notoemoji\/16.0\/1f9f2\/72.png\" alt=\"\ud83e\uddf2\" width=\"33\" height=\"33\" data-emoji=\"\ud83e\uddf2\" aria-label=\"\ud83e\uddf2\" \/><\/p>\n","protected":false},"featured_media":6562,"comment_status":"open","ping_status":"closed","template":"","meta":{"_acf_changed":false},"product_brand":[],"product_cat":[80],"product_tag":[],"class_list":{"0":"post-5819","1":"product","2":"type-product","3":"status-publish","4":"has-post-thumbnail","6":"product_cat-ebooki","8":"first","9":"instock","10":"downloadable","11":"virtual","12":"taxable","13":"purchasable","14":"product-type-simple"},"acf":[],"_links":{"self":[{"href":"https:\/\/waldemarborowski.com\/en\/wp-json\/wp\/v2\/product\/5819","targetHints":{"allow":["GET"]}}],"collection":[{"href":"https:\/\/waldemarborowski.com\/en\/wp-json\/wp\/v2\/product"}],"about":[{"href":"https:\/\/waldemarborowski.com\/en\/wp-json\/wp\/v2\/types\/product"}],"replies":[{"embeddable":true,"href":"https:\/\/waldemarborowski.com\/en\/wp-json\/wp\/v2\/comments?post=5819"}],"version-history":[{"count":6,"href":"https:\/\/waldemarborowski.com\/en\/wp-json\/wp\/v2\/product\/5819\/revisions"}],"predecessor-version":[{"id":6564,"href":"https:\/\/waldemarborowski.com\/en\/wp-json\/wp\/v2\/product\/5819\/revisions\/6564"}],"wp:featuredmedia":[{"embeddable":true,"href":"https:\/\/waldemarborowski.com\/en\/wp-json\/wp\/v2\/media\/6562"}],"wp:attachment":[{"href":"https:\/\/waldemarborowski.com\/en\/wp-json\/wp\/v2\/media?parent=5819"}],"wp:term":[{"taxonomy":"product_brand","embeddable":true,"href":"https:\/\/waldemarborowski.com\/en\/wp-json\/wp\/v2\/product_brand?post=5819"},{"taxonomy":"product_cat","embeddable":true,"href":"https:\/\/waldemarborowski.com\/en\/wp-json\/wp\/v2\/product_cat?post=5819"},{"taxonomy":"product_tag","embeddable":true,"href":"https:\/\/waldemarborowski.com\/en\/wp-json\/wp\/v2\/product_tag?post=5819"}],"curies":[{"name":"wp","href":"https:\/\/api.w.org\/{rel}","templated":true}]}}