{"id":5818,"date":"2025-02-18T12:54:50","date_gmt":"2025-02-18T11:54:50","guid":{"rendered":"https:\/\/waldemarborowski.com\/?post_type=product&#038;p=5818"},"modified":"2025-05-17T12:05:41","modified_gmt":"2025-05-17T10:05:41","slug":"swiety-grzybog-pdf","status":"publish","type":"product","link":"https:\/\/waldemarborowski.com\/en\/produkt\/swiety-grzybog-pdf\/","title":{"rendered":"\u015awi\u0119ty Grzyb\u00f3g (pdf)"},"content":{"rendered":"<div dir=\"auto\"><span class=\"il\">SPIS<\/span>\u00a0<span class=\"il\">TRE\u015aCI<\/span><\/div>\n<div dir=\"auto\">Podzi\u0119kowania&#8230;5<\/div>\n<div dir=\"auto\">Wst\u0119p&#8230;6<\/div>\n<div dir=\"auto\">1. Papie\u017ce i szamani za grzyby przebrani&#8230;7<\/div>\n<div dir=\"auto\">2. Enki-Kozioro\u017cec, Sumerowie i dieta kap\u0142an\u00f3w Izraela&#8230;15<\/div>\n<div dir=\"auto\">3. Adamu i Awa w Edin&#8230;21<\/div>\n<div dir=\"auto\">3.1. Owoc Wiedzy&#8230;21<\/div>\n<div dir=\"auto\">3.2. Anio\u0142y, Demony i Bogowie Edenu&#8230;39<\/div>\n<div dir=\"auto\">3.3. W\u0105\u017c &#8211; W\u0142adca Much&#8230;46<\/div>\n<div dir=\"auto\">4. Wszyscy jeste\u015bmy krasnoludkami&#8230;47<\/div>\n<div dir=\"auto\">5. Miko\u0142aj, choinka, tantra i d\u0142ugowieczno\u015b\u0107&#8230;50<\/div>\n<div dir=\"auto\">6. Prorocy wizjonerzy i monopol na cuda&#8230;66<\/div>\n<div dir=\"auto\">6.1. Moj\u017cesz, manna i bli\u017aniacy&#8230;66<\/div>\n<div dir=\"auto\">6.2. \u015awi\u0119ty Antoni, \u015bwinie i chleb kruka&#8230;72<\/div>\n<div dir=\"auto\">6.3. Alex Grey, Ezechiel i nowe technologie&#8230;76<\/div>\n<div dir=\"auto\">7. GAN-JAH (\u201eOgr\u00f3d Pana\u201d), pomaza\u0144cy, wied\u017amini i NBA&#8230;79<\/div>\n<div dir=\"auto\">8. \u201eJedzcie cia\u0142o moje\u201d &#8211; Czy Jezus by\u0142 \u015bwi\u0119tym grzybem?&#8230;88<\/div>\n<div dir=\"auto\">8.1. Alegoryczny mit wzi\u0119ty dos\u0142ownie?&#8230;88<\/div>\n<div dir=\"auto\">8.2. S\u0142o\u0144ce, ksi\u0119\u017cyc, gwiazdy, liczby&#8230;122<\/div>\n<div dir=\"auto\">8.3. Ukrzy\u017cowani bogowie protopla\u015bci&#8230;132<\/div>\n<div dir=\"auto\">8.4. Historyzacja mitu&#8230;136<\/div>\n<div dir=\"auto\">8.5. Baranek Mistyczny&#8230;138<\/div>\n<div dir=\"auto\">8.6. Jajko wielkanocne &#8211; symbol odrodzenia Jezusa&#8230;142<\/div>\n<div dir=\"auto\">8.7. \u015awi\u0119te Serce&#8230;143<\/div>\n<div dir=\"auto\">8.8. \u201eJestem Fontann\u0105 \u017bywej Wody\u201d&#8230;146<\/div>\n<div dir=\"auto\">8.9. \u015awi\u0119ty Graal i rycerze okr\u0105g\u0142ego grzyba&#8230;152<\/div>\n<div dir=\"auto\">9. Masoneria, alchemia, Smerfy, Harry Potter i Muchomor Filozoficzny&#8230;168<\/div>\n<div dir=\"auto\">10. Mormoni i Pierzasty W\u0105\u017c&#8230;190<\/div>\n<div dir=\"auto\">11. Kryszna i \u015bwi\u0119te krowy&#8230;192<\/div>\n<div dir=\"auto\">12. Grzybudda, Zen i Baba Joga&#8230;197<\/div>\n<div dir=\"auto\">13. Voodoo i m\u0142ot Thora&#8230;207<\/div>\n<div dir=\"auto\">14. Wieczny P\u0142omie\u0144 i Kaduceusz&#8230;209<\/div>\n<div dir=\"auto\">14.1. Demeter i LSD&#8230;209<\/div>\n<div dir=\"auto\">14.2. O\u015bwieceni&#8230;.214<\/div>\n<div dir=\"auto\">15. Pierwszy artysta&#8230;217<\/div>\n<div dir=\"auto\">15.1. Hybrid vigor&#8230;217<\/div>\n<div dir=\"auto\">15.2. Inspiracja&#8230;234<\/div>\n<div dir=\"auto\">16. Lata 60&#8230;237<\/div>\n<div dir=\"auto\">17. DNA &#8211; kod \u017cycia&#8230;238<\/div>\n<div dir=\"auto\">18. Obcy z kosmosu czy z pod\u015bwiadomo\u015bci?&#8230;240<\/div>\n<div dir=\"auto\">19. Era Wodnika&#8230;244<\/div>\n<div dir=\"auto\">19.1. Fizyka i ezoteryka&#8230;244<\/div>\n<div dir=\"auto\">19.3. Holograficzny Paradygmat&#8230;249<\/div>\n<div dir=\"auto\">Bibliografia&#8230;256<\/div>\n<div dir=\"auto\"><\/div>\n<div dir=\"auto\"><\/div>\n","protected":false},"excerpt":{"rendered":"<p>\u015awi\u0119te ksi\u0119gi pe\u0142ne s\u0105 wizji. Sztuka sakralna pe\u0142na jest wizyjnych grzyb\u00f3w. Logika \u0142\u0105czy te fenomeny, bo inaczej mamy mas\u0119 wizji nie wiadomo sk\u0105d i mas\u0119 grzyb\u00f3w nie wiadomo po co. Czy to przypadek, \u017ce kap\u0142ani m\u00f3wi\u0105cy o wizjach s\u0105 przebrani za magiczny grzyb? Szamani z Kamczatki r\u00f3wnie\u017c przebieraj\u0105 si\u0119 za muchomory. Jaki owoc otworzy\u0142 oczy Ewie? Dlaczego Santa wchodzi przez komin? Czemu kominiarz jest symbolem szcz\u0119\u015bcia? Co symbolizuj\u0105 \u015awi\u0119ty Graal, kamie\u0144 filozoficzny i lampa Alladyna? Dlaczego bogowie zbawcy m\u00f3wi\u0105: jedzcie cia\u0142o moje? Zapraszam w podr\u00f3\u017c przez histori\u0119 ezoterycznej sztuki, od jaski\u0144 po wsp\u00f3\u0142czesno\u015b\u0107.<\/p>\n<p>Wyj\u0105tkowa pozycja bogato zilustrowana rycinami i fotografiami. Ksi\u0105\u017cka o podstawach wiedzy szama\u0144skiej, mitologicznej. W syntetyczny spos\u00f3b pokazuje, w jaki spos\u00f3b symbole i rytua\u0142y oddzia\u0142uj\u0105 na cz\u0142owieka i przestrze\u0144 jego \u017cycia. Ksi\u0105\u017cka zmusza czytelnika do pog\u0142\u0119biania wiedzy na poruszane tematy, jak cho\u0107by temat \u015bwi\u0119tych ro\u015blin u\u017cywanych przez szaman\u00f3w, wszelkiej ma\u015bci kap\u0142an\u00f3w i nie tylko. Wiedza &#8211; Wieda &#8211; czyni ludzi wolnymi, rozszerza ich horyzonty my\u015blowe, rozpuszcza stereotypy, daje wreszcie przestrze\u0144 dla emanacji czucia, dla Pola Serca. Otwiera si\u0119 wtedy furta Waszego \u015awiata, a kopu\u0142a czaszki staje si\u0119 jedni\u0105 z kopu\u0142\u0105 Nieba. Czy to wystarczaj\u0105ca zach\u0119ta do tego, by uda\u0107 si\u0119 w tak\u0105 podr\u00f3\u017c? Obrazy na papierze zaczynaj\u0105 m\u00f3wi\u0107 j\u0119zykiem symboli i kolor\u00f3w bez migotania ekranu. To wielka podr\u00f3\u017c do ogrodu pe\u0142nego kwiat\u00f3w Wiedy z ka\u017cdym szelestem otwieranych kart.<\/p>\n","protected":false},"featured_media":6565,"comment_status":"open","ping_status":"closed","template":"","meta":{"_acf_changed":false},"product_brand":[],"product_cat":[80],"product_tag":[],"class_list":{"0":"post-5818","1":"product","2":"type-product","3":"status-publish","4":"has-post-thumbnail","6":"product_cat-ebooki","8":"first","9":"instock","10":"downloadable","11":"virtual","12":"taxable","13":"purchasable","14":"product-type-simple"},"acf":[],"_links":{"self":[{"href":"https:\/\/waldemarborowski.com\/en\/wp-json\/wp\/v2\/product\/5818","targetHints":{"allow":["GET"]}}],"collection":[{"href":"https:\/\/waldemarborowski.com\/en\/wp-json\/wp\/v2\/product"}],"about":[{"href":"https:\/\/waldemarborowski.com\/en\/wp-json\/wp\/v2\/types\/product"}],"replies":[{"embeddable":true,"href":"https:\/\/waldemarborowski.com\/en\/wp-json\/wp\/v2\/comments?post=5818"}],"version-history":[{"count":4,"href":"https:\/\/waldemarborowski.com\/en\/wp-json\/wp\/v2\/product\/5818\/revisions"}],"predecessor-version":[{"id":6515,"href":"https:\/\/waldemarborowski.com\/en\/wp-json\/wp\/v2\/product\/5818\/revisions\/6515"}],"wp:featuredmedia":[{"embeddable":true,"href":"https:\/\/waldemarborowski.com\/en\/wp-json\/wp\/v2\/media\/6565"}],"wp:attachment":[{"href":"https:\/\/waldemarborowski.com\/en\/wp-json\/wp\/v2\/media?parent=5818"}],"wp:term":[{"taxonomy":"product_brand","embeddable":true,"href":"https:\/\/waldemarborowski.com\/en\/wp-json\/wp\/v2\/product_brand?post=5818"},{"taxonomy":"product_cat","embeddable":true,"href":"https:\/\/waldemarborowski.com\/en\/wp-json\/wp\/v2\/product_cat?post=5818"},{"taxonomy":"product_tag","embeddable":true,"href":"https:\/\/waldemarborowski.com\/en\/wp-json\/wp\/v2\/product_tag?post=5818"}],"curies":[{"name":"wp","href":"https:\/\/api.w.org\/{rel}","templated":true}]}}