{"id":1546,"date":"2018-04-09T03:01:49","date_gmt":"2018-04-09T03:01:49","guid":{"rendered":"http:\/\/sw-themes.com\/porto_dummy\/product\/import-placeholder-for-1336\/"},"modified":"2025-05-04T14:03:05","modified_gmt":"2025-05-04T12:03:05","slug":"soma-amanita","status":"publish","type":"product","link":"https:\/\/waldemarborowski.com\/en\/produkt\/soma-amanita\/","title":{"rendered":"Soma Amanita &#8211; w praktyce i w mitach \u2013 Muchomor czerwony (Amanita muscaria) &#8211; mp4"},"content":{"rendered":"<p>Legendarny wedyjski prozdrowotny i pro\u017cyciowy eliksir staro\u017cytnych przedpotopowych d\u0142ugowiecznych gigant\u00f3w zwany by\u0142 soma \/ haoma. Napitek ten to nie tylko odpowiednio ususzony grzyb Amanita muscaria ale te\u017c surowe zsiad\u0142e mleko (albo \u015bmietana niepasteryzowana) od krowy lub renifera&#8230; i surowa jagoda, kt\u00f3r\u0105 jogin lub Inuita w lesie zbiera\u0142. Opowiadam jakie mikroelementy i witaminy zawieraj\u0105 owe 3 sk\u0142adniki i jakie przynosz\u0105 wsp\u00f3\u0142czesnym ludziom wyniki. B\u0119dzie oczywi\u015bcie te\u017c troch\u0119 dygresji o narcyzmie i depresji, o karmie, Biblii, z\u0142otym wieku, masonerii i smerfach, oraz &#8220;herezje&#8221; o pasteryzacji, cholesterolu, hormonach, ma\u015ble, margarynach, statynach, &#8220;bio-eko&#8221; wega\u0144skich serach z 50 chemicznych sk\u0142adnik\u00f3w, o olejach ro\u015blinnych, soi, cukrze, witaminie D, solaryzacji, stomatologi i ortodoncji. Ma\u0142o kto dzi\u015b zdaje sobie spraw\u0119, \u017ce to Rockefeller wprowadzi\u0142 pasteryzacj\u0119 mleka na masow\u0105 skal\u0119 (dopiero w latach 40 XX wieku), i \u017ce ta nowa technologia bardzo niekorzystnie wp\u0142yn\u0119\u0142a na zdrowie i anatomi\u0119 wsp\u00f3\u0142czesnego cz\u0142owieka. Przedsi\u0119biorca &#8220;przypadkowo&#8221; finansowa\u0142 r\u00f3wnie\u017c liczne szko\u0142y medyczne i badania promuj\u0105ce rzekome kulinarne zalety rafinowanych olej\u00f3w ro\u015blinnych z pestek, kt\u00f3re pierwotnie nie by\u0142y nigdy konsumowane przez Homo sapiens i pocz\u0105tkowo mia\u0142y by\u0107 wy\u0142\u0105cznie&#8230; samochodowymi lubrykantami. Wnioski wyci\u0105gnijcie sami.<\/p>\n","protected":false},"excerpt":{"rendered":"<p>Wyk\u0142ad &#8220;Soma Amanita w praktyce i Mitach&#8221;, czas trwania 75 minut.<\/p>\n<p>Po zakupie produktu mo\u017cesz go pobra\u0107 w formacie mp4 na swoje urz\u0105dzenie.<\/p>\n","protected":false},"featured_media":6861,"comment_status":"open","ping_status":"closed","template":"","meta":{"_acf_changed":false},"product_brand":[],"product_cat":[102],"product_tag":[],"class_list":{"0":"post-1546","1":"product","2":"type-product","3":"status-publish","4":"has-post-thumbnail","6":"product_cat-wyklady","8":"first","9":"instock","10":"featured","11":"downloadable","12":"virtual","13":"taxable","14":"purchasable","15":"product-type-simple"},"acf":[],"_links":{"self":[{"href":"https:\/\/waldemarborowski.com\/en\/wp-json\/wp\/v2\/product\/1546","targetHints":{"allow":["GET"]}}],"collection":[{"href":"https:\/\/waldemarborowski.com\/en\/wp-json\/wp\/v2\/product"}],"about":[{"href":"https:\/\/waldemarborowski.com\/en\/wp-json\/wp\/v2\/types\/product"}],"replies":[{"embeddable":true,"href":"https:\/\/waldemarborowski.com\/en\/wp-json\/wp\/v2\/comments?post=1546"}],"version-history":[{"count":6,"href":"https:\/\/waldemarborowski.com\/en\/wp-json\/wp\/v2\/product\/1546\/revisions"}],"predecessor-version":[{"id":6875,"href":"https:\/\/waldemarborowski.com\/en\/wp-json\/wp\/v2\/product\/1546\/revisions\/6875"}],"wp:featuredmedia":[{"embeddable":true,"href":"https:\/\/waldemarborowski.com\/en\/wp-json\/wp\/v2\/media\/6861"}],"wp:attachment":[{"href":"https:\/\/waldemarborowski.com\/en\/wp-json\/wp\/v2\/media?parent=1546"}],"wp:term":[{"taxonomy":"product_brand","embeddable":true,"href":"https:\/\/waldemarborowski.com\/en\/wp-json\/wp\/v2\/product_brand?post=1546"},{"taxonomy":"product_cat","embeddable":true,"href":"https:\/\/waldemarborowski.com\/en\/wp-json\/wp\/v2\/product_cat?post=1546"},{"taxonomy":"product_tag","embeddable":true,"href":"https:\/\/waldemarborowski.com\/en\/wp-json\/wp\/v2\/product_tag?post=1546"}],"curies":[{"name":"wp","href":"https:\/\/api.w.org\/{rel}","templated":true}]}}