{"id":1541,"date":"2018-04-09T03:01:13","date_gmt":"2018-04-09T03:01:13","guid":{"rendered":"http:\/\/sw-themes.com\/porto_dummy\/product\/import-placeholder-for-1328\/"},"modified":"2025-05-26T10:20:06","modified_gmt":"2025-05-26T08:20:06","slug":"grzybowe-mity","status":"publish","type":"product","link":"https:\/\/waldemarborowski.com\/en\/produkt\/grzybowe-mity\/","title":{"rendered":"Grzybowe mity, kolektywne symbole i osobiste archetypy &#8211; mp4"},"content":{"rendered":"<p>Na przyk\u0142adach pokazuj\u0119 i t\u0142umacz\u0119 jak do\u015bwiadczenia z enteogenami mog\u0105 pom\u00f3c zrozumie\u0107 mechanizm dzia\u0142ania prawa karmy i zapozna\u0107 si\u0119 z naszymi unikalnymi mitologiami. Odkrycie, zrozumienie i oswojenie swoich symboli i kolektywnych oraz osobistych archetyp\u00f3w mo\u017ce przynie\u015b\u0107 sporo ciekawych wynik\u00f3w.<\/p>\n","protected":false},"excerpt":{"rendered":"<p>Wyk\u0142ad w formacie mp4 do pobrania, czas trwania 71 minut.<\/p>\n","protected":false},"featured_media":6865,"comment_status":"open","ping_status":"closed","template":"","meta":{"_acf_changed":false},"product_brand":[],"product_cat":[102],"product_tag":[],"class_list":{"0":"post-1541","1":"product","2":"type-product","3":"status-publish","4":"has-post-thumbnail","6":"product_cat-wyklady","8":"first","9":"instock","10":"downloadable","11":"virtual","12":"taxable","13":"purchasable","14":"product-type-simple"},"acf":[],"_links":{"self":[{"href":"https:\/\/waldemarborowski.com\/en\/wp-json\/wp\/v2\/product\/1541","targetHints":{"allow":["GET"]}}],"collection":[{"href":"https:\/\/waldemarborowski.com\/en\/wp-json\/wp\/v2\/product"}],"about":[{"href":"https:\/\/waldemarborowski.com\/en\/wp-json\/wp\/v2\/types\/product"}],"replies":[{"embeddable":true,"href":"https:\/\/waldemarborowski.com\/en\/wp-json\/wp\/v2\/comments?post=1541"}],"version-history":[{"count":10,"href":"https:\/\/waldemarborowski.com\/en\/wp-json\/wp\/v2\/product\/1541\/revisions"}],"predecessor-version":[{"id":6874,"href":"https:\/\/waldemarborowski.com\/en\/wp-json\/wp\/v2\/product\/1541\/revisions\/6874"}],"wp:featuredmedia":[{"embeddable":true,"href":"https:\/\/waldemarborowski.com\/en\/wp-json\/wp\/v2\/media\/6865"}],"wp:attachment":[{"href":"https:\/\/waldemarborowski.com\/en\/wp-json\/wp\/v2\/media?parent=1541"}],"wp:term":[{"taxonomy":"product_brand","embeddable":true,"href":"https:\/\/waldemarborowski.com\/en\/wp-json\/wp\/v2\/product_brand?post=1541"},{"taxonomy":"product_cat","embeddable":true,"href":"https:\/\/waldemarborowski.com\/en\/wp-json\/wp\/v2\/product_cat?post=1541"},{"taxonomy":"product_tag","embeddable":true,"href":"https:\/\/waldemarborowski.com\/en\/wp-json\/wp\/v2\/product_tag?post=1541"}],"curies":[{"name":"wp","href":"https:\/\/api.w.org\/{rel}","templated":true}]}}