{"id":1532,"date":"2018-04-09T03:00:35","date_gmt":"2018-04-09T03:00:35","guid":{"rendered":"http:\/\/sw-themes.com\/porto_dummy\/product\/import-placeholder-for-1322\/"},"modified":"2026-02-10T17:46:04","modified_gmt":"2026-02-10T16:46:04","slug":"swiety-grzybog","status":"publish","type":"product","link":"https:\/\/waldemarborowski.com\/en\/produkt\/swiety-grzybog\/","title":{"rendered":"\u015awi\u0119ty Grzyb\u00f3g (ksi\u0105\u017cka papierowa)"},"content":{"rendered":"<div dir=\"auto\"><span class=\"il\">SPIS<\/span>\u00a0<span class=\"il\">TRE\u015aCI<\/span><\/div>\n<div dir=\"auto\">Podzi\u0119kowania\u20265<\/div>\n<div dir=\"auto\">Wst\u0119p\u20266<\/div>\n<div dir=\"auto\">1. Papie\u017ce i szamani za grzyby przebrani\u20267<\/div>\n<div dir=\"auto\">2. Enki-Kozioro\u017cec, Sumerowie i dieta kap\u0142an\u00f3w Izraela\u202615<\/div>\n<div dir=\"auto\">3. Adamu i Awa w Edin\u202621<\/div>\n<div dir=\"auto\">3.1. Owoc Wiedzy\u202621<\/div>\n<div dir=\"auto\">3.2. Anio\u0142y, Demony i Bogowie Edenu\u202639<\/div>\n<div dir=\"auto\">3.3. W\u0105\u017c \u2013 W\u0142adca Much\u202646<\/div>\n<div dir=\"auto\">4. Wszyscy jeste\u015bmy krasnoludkami\u202647<\/div>\n<div dir=\"auto\">5. Miko\u0142aj, choinka, tantra i d\u0142ugowieczno\u015b\u0107\u202650<\/div>\n<div dir=\"auto\">6. Prorocy wizjonerzy i monopol na cuda\u202666<\/div>\n<div dir=\"auto\">6.1. Moj\u017cesz, manna i bli\u017aniacy\u202666<\/div>\n<div dir=\"auto\">6.2. \u015awi\u0119ty Antoni, \u015bwinie i chleb kruka\u202672<\/div>\n<div dir=\"auto\">6.3. Alex Grey, Ezechiel i nowe technologie\u202676<\/div>\n<div dir=\"auto\">7. GAN-JAH (\u201eOgr\u00f3d Pana\u201d), pomaza\u0144cy, wied\u017amini i NBA\u202679<\/div>\n<div dir=\"auto\">8. \u201eJedzcie cia\u0142o moje\u201d \u2013 Czy Jezus by\u0142 \u015bwi\u0119tym grzybem?\u202688<\/div>\n<div dir=\"auto\">8.1. Alegoryczny mit wzi\u0119ty dos\u0142ownie?\u202688<\/div>\n<div dir=\"auto\">8.2. S\u0142o\u0144ce, ksi\u0119\u017cyc, gwiazdy, liczby\u2026122<\/div>\n<div dir=\"auto\">8.3. Ukrzy\u017cowani bogowie protopla\u015bci\u2026132<\/div>\n<div dir=\"auto\">8.4. Historyzacja mitu\u2026136<\/div>\n<div dir=\"auto\">8.5. Baranek Mistyczny\u2026138<\/div>\n<div dir=\"auto\">8.6. Jajko wielkanocne \u2013 symbol odrodzenia Jezusa\u2026142<\/div>\n<div dir=\"auto\">8.7. \u015awi\u0119te Serce\u2026143<\/div>\n<div dir=\"auto\">8.8. \u201eJestem Fontann\u0105 \u017bywej Wody\u201d\u2026146<\/div>\n<div dir=\"auto\">8.9. \u015awi\u0119ty Graal i rycerze okr\u0105g\u0142ego grzyba\u2026152<\/div>\n<div dir=\"auto\">9. Masoneria, alchemia, Smerfy, Harry Potter i Muchomor Filozoficzny\u2026168<\/div>\n<div dir=\"auto\">10. Mormoni i Pierzasty W\u0105\u017c\u2026190<\/div>\n<div dir=\"auto\">11. Kryszna i \u015bwi\u0119te krowy\u2026192<\/div>\n<div dir=\"auto\">12. Grzybudda, Zen i Baba Joga\u2026197<\/div>\n<div dir=\"auto\">13. Voodoo i m\u0142ot Thora\u2026207<\/div>\n<div dir=\"auto\">14. Wieczny P\u0142omie\u0144 i Kaduceusz\u2026209<\/div>\n<div dir=\"auto\">14.1. Demeter i LSD\u2026209<\/div>\n<div dir=\"auto\">14.2. O\u015bwieceni\u2026.214<\/div>\n<div dir=\"auto\">15. Pierwszy artysta\u2026217<\/div>\n<div dir=\"auto\">15.1. Hybrid vigor\u2026217<\/div>\n<div dir=\"auto\">15.2. Inspiracja\u2026234<\/div>\n<div dir=\"auto\">16. Lata 60\u2026237<\/div>\n<div dir=\"auto\">17. DNA \u2013 kod \u017cycia\u2026238<\/div>\n<div dir=\"auto\">18. Obcy z kosmosu czy z pod\u015bwiadomo\u015bci?\u2026240<\/div>\n<div dir=\"auto\">19. Era Wodnika\u2026244<\/div>\n<div dir=\"auto\">19.1. Fizyka i ezoteryka\u2026244<\/div>\n<div dir=\"auto\">19.3. Holograficzny Paradygmat\u2026249<\/div>\n<div dir=\"auto\">Bibliografia\u2026256<\/div>\n","protected":false},"excerpt":{"rendered":"<p>\u015awi\u0119te ksi\u0119gi pe\u0142ne s\u0105 wizji. Sztuka sakralna pe\u0142na jest wizyjnych grzyb\u00f3w. Logika \u0142\u0105czy te fenomeny, bo inaczej mamy mas\u0119 wizji nie wiadomo sk\u0105d i mas\u0119 grzyb\u00f3w nie wiadomo po co. Czy to przypadek, \u017ce kap\u0142ani m\u00f3wi\u0105cy o wizjach s\u0105 przebrani za magiczny grzyb? Szamani z Kamczatki r\u00f3wnie\u017c przebieraj\u0105 si\u0119 za muchomory. Jaki owoc otworzy\u0142 oczy Ewie? Dlaczego Santa wchodzi przez komin? Czemu kominiarz jest symbolem szcz\u0119\u015bcia? Co symbolizuj\u0105 \u015awi\u0119ty Graal, kamie\u0144 filozoficzny i lampa Alladyna? Dlaczego bogowie zbawcy m\u00f3wi\u0105: jedzcie cia\u0142o moje? Zapraszam w podr\u00f3\u017c przez histori\u0119 ezoterycznej sztuki, od jaski\u0144 po wsp\u00f3\u0142czesno\u015b\u0107.<\/p>\n<p>Wyj\u0105tkowa pozycja bogato zilustrowana rycinami i fotografiami. Ksi\u0105\u017cka o podstawach wiedzy szama\u0144skiej, mitologicznej. W syntetyczny spos\u00f3b pokazuje, w jaki spos\u00f3b symbole i rytua\u0142y oddzia\u0142uj\u0105 na cz\u0142owieka i przestrze\u0144 jego \u017cycia. Ksi\u0105\u017cka zmusza czytelnika do pog\u0142\u0119biania wiedzy na poruszane tematy, jak cho\u0107by temat \u015bwi\u0119tych ro\u015blin u\u017cywanych przez szaman\u00f3w, wszelkiej ma\u015bci kap\u0142an\u00f3w i nie tylko. Wiedza \u2013 Wieda \u2013 czyni ludzi wolnymi, rozszerza ich horyzonty my\u015blowe, rozpuszcza stereotypy, daje wreszcie przestrze\u0144 dla emanacji czucia, dla Pola Serca. Otwiera si\u0119 wtedy furta Waszego \u015awiata, a kopu\u0142a czaszki staje si\u0119 jedni\u0105 z kopu\u0142\u0105 Nieba. Czy to wystarczaj\u0105ca zach\u0119ta do tego, by uda\u0107 si\u0119 w tak\u0105 podr\u00f3\u017c? Obrazy na papierze zaczynaj\u0105 m\u00f3wi\u0107 j\u0119zykiem symboli i kolor\u00f3w bez migotania ekranu. To wielka podr\u00f3\u017c do ogrodu pe\u0142nego kwiat\u00f3w Wiedy z ka\u017cdym szelestem otwieranych kart.<\/p>\n","protected":false},"featured_media":6565,"comment_status":"open","ping_status":"closed","template":"","meta":{"_acf_changed":false},"product_brand":[],"product_cat":[77],"product_tag":[],"class_list":{"0":"post-1532","1":"product","2":"type-product","3":"status-publish","4":"has-post-thumbnail","6":"product_cat-ksiazki","8":"first","9":"instock","10":"taxable","11":"shipping-taxable","12":"purchasable","13":"product-type-simple"},"acf":[],"_links":{"self":[{"href":"https:\/\/waldemarborowski.com\/en\/wp-json\/wp\/v2\/product\/1532","targetHints":{"allow":["GET"]}}],"collection":[{"href":"https:\/\/waldemarborowski.com\/en\/wp-json\/wp\/v2\/product"}],"about":[{"href":"https:\/\/waldemarborowski.com\/en\/wp-json\/wp\/v2\/types\/product"}],"replies":[{"embeddable":true,"href":"https:\/\/waldemarborowski.com\/en\/wp-json\/wp\/v2\/comments?post=1532"}],"version-history":[{"count":5,"href":"https:\/\/waldemarborowski.com\/en\/wp-json\/wp\/v2\/product\/1532\/revisions"}],"predecessor-version":[{"id":7471,"href":"https:\/\/waldemarborowski.com\/en\/wp-json\/wp\/v2\/product\/1532\/revisions\/7471"}],"wp:featuredmedia":[{"embeddable":true,"href":"https:\/\/waldemarborowski.com\/en\/wp-json\/wp\/v2\/media\/6565"}],"wp:attachment":[{"href":"https:\/\/waldemarborowski.com\/en\/wp-json\/wp\/v2\/media?parent=1532"}],"wp:term":[{"taxonomy":"product_brand","embeddable":true,"href":"https:\/\/waldemarborowski.com\/en\/wp-json\/wp\/v2\/product_brand?post=1532"},{"taxonomy":"product_cat","embeddable":true,"href":"https:\/\/waldemarborowski.com\/en\/wp-json\/wp\/v2\/product_cat?post=1532"},{"taxonomy":"product_tag","embeddable":true,"href":"https:\/\/waldemarborowski.com\/en\/wp-json\/wp\/v2\/product_tag?post=1532"}],"curies":[{"name":"wp","href":"https:\/\/api.w.org\/{rel}","templated":true}]}}