{"id":1518,"date":"2018-04-09T02:59:42","date_gmt":"2018-04-09T02:59:42","guid":{"rendered":"http:\/\/sw-themes.com\/porto_dummy\/product\/import-placeholder-for-1312\/"},"modified":"2025-05-10T16:53:53","modified_gmt":"2025-05-10T14:53:53","slug":"new-balance-fresh-foam","status":"publish","type":"product","link":"https:\/\/waldemarborowski.com\/en\/produkt\/new-balance-fresh-foam\/","title":{"rendered":"Mi\u0119dzywymiarowy uchod\u017aca"},"content":{"rendered":"<p>Jeden z kilku mniejszych murali ukrytych w warszawskiej kamienicy, kt\u00f3re mo\u017cna na palcach jednej r\u0119ki policzy\u0107.<\/p>\n","protected":false},"excerpt":{"rendered":"<p>Murale wielkoformatowe: gprzechodnia@gmail.com<\/p>\n","protected":false},"featured_media":6928,"comment_status":"open","ping_status":"closed","template":"","meta":{"_acf_changed":false},"product_brand":[],"product_cat":[76],"product_tag":[],"class_list":{"0":"post-1518","1":"product","2":"type-product","3":"status-publish","4":"has-post-thumbnail","6":"product_cat-murale","8":"first","9":"instock","10":"taxable","11":"shipping-taxable","12":"product-type-simple"},"acf":[],"_links":{"self":[{"href":"https:\/\/waldemarborowski.com\/en\/wp-json\/wp\/v2\/product\/1518","targetHints":{"allow":["GET"]}}],"collection":[{"href":"https:\/\/waldemarborowski.com\/en\/wp-json\/wp\/v2\/product"}],"about":[{"href":"https:\/\/waldemarborowski.com\/en\/wp-json\/wp\/v2\/types\/product"}],"replies":[{"embeddable":true,"href":"https:\/\/waldemarborowski.com\/en\/wp-json\/wp\/v2\/comments?post=1518"}],"version-history":[{"count":4,"href":"https:\/\/waldemarborowski.com\/en\/wp-json\/wp\/v2\/product\/1518\/revisions"}],"predecessor-version":[{"id":6942,"href":"https:\/\/waldemarborowski.com\/en\/wp-json\/wp\/v2\/product\/1518\/revisions\/6942"}],"wp:featuredmedia":[{"embeddable":true,"href":"https:\/\/waldemarborowski.com\/en\/wp-json\/wp\/v2\/media\/6928"}],"wp:attachment":[{"href":"https:\/\/waldemarborowski.com\/en\/wp-json\/wp\/v2\/media?parent=1518"}],"wp:term":[{"taxonomy":"product_brand","embeddable":true,"href":"https:\/\/waldemarborowski.com\/en\/wp-json\/wp\/v2\/product_brand?post=1518"},{"taxonomy":"product_cat","embeddable":true,"href":"https:\/\/waldemarborowski.com\/en\/wp-json\/wp\/v2\/product_cat?post=1518"},{"taxonomy":"product_tag","embeddable":true,"href":"https:\/\/waldemarborowski.com\/en\/wp-json\/wp\/v2\/product_tag?post=1518"}],"curies":[{"name":"wp","href":"https:\/\/api.w.org\/{rel}","templated":true}]}}