{"id":6351,"date":"2018-02-28T07:46:00","date_gmt":"2018-02-28T06:46:00","guid":{"rendered":"https:\/\/waldemarborowski.com\/bio\/"},"modified":"2025-05-11T15:48:20","modified_gmt":"2025-05-11T13:48:20","slug":"bio","status":"publish","type":"page","link":"https:\/\/waldemarborowski.com\/en\/bio\/","title":{"rendered":"Bio"},"content":{"rendered":"<h2>WHO I AM<\/h2>\n<h2><b>Waldemar Borowski<\/b><\/h2>\n<p>Visionary, artist, entheogen expert, meme creator. Passionate about the vitarian diet and biology. He runs a blog  &nbsp;<a href=\"http:\/\/swietygrzybog.blogspot.com\/\" target=\"_blank\" data-saferedirecturl=\"https:\/\/www.google.com\/url?q=http:\/\/swietygrzybog.blogspot.com&amp;source=gmail&amp;ust=1742411480117000&amp;usg=AOvVaw30hz9hrmi47DF377_DU_Li\" style=\"color: rgb(17, 85, 204); font-family: Arial, Helvetica, sans-serif; font-size: small;\">swietygrzybog.blogspot.com<\/a>, wrote the books &#8220;Holy Mushroom,&#8221; &#8220;Eucharistia muscaria,&#8221; &#8220;Mushrooms,&#8221; &#8220;Mushroom Health&#8221; and &#8220;Holy Grail &#8211; Holy Mushroom.&#8221;<br style=\"color: rgb(34, 34, 34); font-family: Arial, Helvetica, sans-serif; font-size: small;\"><br style=\"color: rgb(34, 34, 34); font-family: Arial, Helvetica, sans-serif; font-size: small;\">Born in 22.12.1979, he graduated from the Academy of Fine Arts in Warsaw (2006). The artist&#8217;s works include dreams and visions, temporal paradoxes, carry universalism and symbolism present in many ancient cultures.  <br style=\"color: rgb(34, 34, 34); font-family: Arial, Helvetica, sans-serif; font-size: small;\"><br style=\"color: rgb(34, 34, 34); font-family: Arial, Helvetica, sans-serif; font-size: small;\">He received the Third Prize in the Competition &#8216;Illustration &#8211; Young Generation of Artists (2016), the Award of the Italian Television &#8216;ARTE 24&#8217; (2011) and the Certificate of New Art Patterns (2014). His works have illustrated Polish editions of books by authors such as Terence McKenna, Ralph Metzner, Robert Anton Wilson, threads on shamanism in TRANS\/VISIONS magazine, the film &#8220;The Pharmacratic Inquisition&#8221; (2007, USA) and appeared in Kamil Sipowicz&#8217;s &#8220;Encyclopedia of Polish Psychedelia&#8221; (2013). Together with the artists of the Passing Gallery, he created &#8220;Disappearing Mural&#8221; (2023) on the European Square in Warsaw.  &nbsp;<b><\/b><\/p>\n<p><strong>My blogs:<\/strong><\/p>\n<p>https:\/\/swietygrzybog.blogspot.com\/<\/p>\n<p>https:\/\/grzybog.picsell.eu\/<\/p>\n<h2    style=\"margin-bottom: 16px;\">Skontaktuj si\u0119<\/h2>\n<style>.porto-u-ad87e2eaf3f9c495180fe0156ddf3eb0.porto-u-heading{text-align:left}<\/style>\n<p>\t\t\t\t\tTelefon<\/p>\n<p>+48 789 254 333<\/p>\n<style>.porto-u-ad87e2eaf3f9c495180fe0156ddf3eb0.porto-u-heading{text-align:left}<\/style>\n<p>\t\t\t\t\tEMAIL:<\/p>\n<p><a href=\"ufowaldek@gmail.com\">ufowaldek@gmail.com<\/a><\/p>\n<style>.porto-u-ad87e2eaf3f9c495180fe0156ddf3eb0.porto-u-heading{text-align:left}<\/style>\n<p>\t\t\t\t\t<a href=\"https:\/\/www.facebook.com\/SWIETYGRZYBOG\/\" target=\"_blank\"><br \/>\n\t\t\t\t\t\tFacebook-f<br \/>\n\t\t\t\t\t\t<svg viewBox=\"0 0 320 512\" xmlns=\"http:\/\/www.w3.org\/2000\/svg\"><path d=\"M279.14 288l14.22-92.66h-88.91v-60.13c0-25.35 12.42-50.06 52.24-50.06h40.42V6.26S260.43 0 225.36 0c-73.22 0-121.08 44.38-121.08 124.72v70.62H22.89V288h81.39v224h100.17V288z\"><\/path><\/svg>\t\t\t\t\t<\/a><br \/>\n\t\t\t\t\t<a href=\"https:\/\/www.instagram.com\/waldemarborowski_swietygrzybog\/\" target=\"_blank\"><br \/>\n\t\t\t\t\t\tInstagram<br \/>\n\t\t\t\t\t\t<svg viewBox=\"0 0 448 512\" xmlns=\"http:\/\/www.w3.org\/2000\/svg\"><path d=\"M224.1 141c-63.6 0-114.9 51.3-114.9 114.9s51.3 114.9 114.9 114.9S339 319.5 339 255.9 287.7 141 224.1 141zm0 189.6c-41.1 0-74.7-33.5-74.7-74.7s33.5-74.7 74.7-74.7 74.7 33.5 74.7 74.7-33.6 74.7-74.7 74.7zm146.4-194.3c0 14.9-12 26.8-26.8 26.8-14.9 0-26.8-12-26.8-26.8s12-26.8 26.8-26.8 26.8 12 26.8 26.8zm76.1 27.2c-1.7-35.9-9.9-67.7-36.2-93.9-26.2-26.2-58-34.4-93.9-36.2-37-2.1-147.9-2.1-184.9 0-35.8 1.7-67.6 9.9-93.9 36.1s-34.4 58-36.2 93.9c-2.1 37-2.1 147.9 0 184.9 1.7 35.9 9.9 67.7 36.2 93.9s58 34.4 93.9 36.2c37 2.1 147.9 2.1 184.9 0 35.9-1.7 67.7-9.9 93.9-36.2 26.2-26.2 34.4-58 36.2-93.9 2.1-37 2.1-147.8 0-184.8zM398.8 388c-7.8 19.6-22.9 34.7-42.6 42.6-29.5 11.7-99.5 9-132.1 9s-102.7 2.6-132.1-9c-19.6-7.8-34.7-22.9-42.6-42.6-11.7-29.5-9-99.5-9-132.1s-2.6-102.7 9-132.1c7.8-19.6 22.9-34.7 42.6-42.6 29.5-11.7 99.5-9 132.1-9s102.7-2.6 132.1 9c19.6 7.8 34.7 22.9 42.6 42.6 11.7 29.5 9 99.5 9 132.1s2.7 102.7-9 132.1z\"><\/path><\/svg>\t\t\t\t\t<\/a><br \/>\n\t\t\t\t\t<a href=\"https:\/\/www.youtube.com\/@WaldemarBorowski\/videos\" target=\"_blank\"><br \/>\n\t\t\t\t\t\tYoutube<br \/>\n\t\t\t\t\t\t<svg viewBox=\"0 0 576 512\" xmlns=\"http:\/\/www.w3.org\/2000\/svg\"><path d=\"M549.655 124.083c-6.281-23.65-24.787-42.276-48.284-48.597C458.781 64 288 64 288 64S117.22 64 74.629 75.486c-23.497 6.322-42.003 24.947-48.284 48.597-11.412 42.867-11.412 132.305-11.412 132.305s0 89.438 11.412 132.305c6.281 23.65 24.787 41.5 48.284 47.821C117.22 448 288 448 288 448s170.78 0 213.371-11.486c23.497-6.321 42.003-24.171 48.284-47.821 11.412-42.867 11.412-132.305 11.412-132.305s0-89.438-11.412-132.305zm-317.51 213.508V175.185l142.739 81.205-142.739 81.201z\"><\/path><\/svg>\t\t\t\t\t<\/a><br \/>\n\t\t\t\t\t<a href=\"https:\/\/swietygrzybog.blogspot.com\/\" target=\"_blank\"><br \/>\n\t\t\t\t\t\tLink<br \/>\n\t\t\t\t\t\t<svg viewBox=\"0 0 512 512\" xmlns=\"http:\/\/www.w3.org\/2000\/svg\"><path d=\"M326.612 185.391c59.747 59.809 58.927 155.698.36 214.59-.11.12-.24.25-.36.37l-67.2 67.2c-59.27 59.27-155.699 59.262-214.96 0-59.27-59.26-59.27-155.7 0-214.96l37.106-37.106c9.84-9.84 26.786-3.3 27.294 10.606.648 17.722 3.826 35.527 9.69 52.721 1.986 5.822.567 12.262-3.783 16.612l-13.087 13.087c-28.026 28.026-28.905 73.66-1.155 101.96 28.024 28.579 74.086 28.749 102.325.51l67.2-67.19c28.191-28.191 28.073-73.757 0-101.83-3.701-3.694-7.429-6.564-10.341-8.569a16.037 16.037 0 0 1-6.947-12.606c-.396-10.567 3.348-21.456 11.698-29.806l21.054-21.055c5.521-5.521 14.182-6.199 20.584-1.731a152.482 152.482 0 0 1 20.522 17.197zM467.547 44.449c-59.261-59.262-155.69-59.27-214.96 0l-67.2 67.2c-.12.12-.25.25-.36.37-58.566 58.892-59.387 154.781.36 214.59a152.454 152.454 0 0 0 20.521 17.196c6.402 4.468 15.064 3.789 20.584-1.731l21.054-21.055c8.35-8.35 12.094-19.239 11.698-29.806a16.037 16.037 0 0 0-6.947-12.606c-2.912-2.005-6.64-4.875-10.341-8.569-28.073-28.073-28.191-73.639 0-101.83l67.2-67.19c28.239-28.239 74.3-28.069 102.325.51 27.75 28.3 26.872 73.934-1.155 101.96l-13.087 13.087c-4.35 4.35-5.769 10.79-3.783 16.612 5.864 17.194 9.042 34.999 9.69 52.721.509 13.906 17.454 20.446 27.294 10.606l37.106-37.106c59.271-59.259 59.271-155.699.001-214.959z\"><\/path><\/svg>\t\t\t\t\t<\/a><br \/>\n\t\t\t\t\t<a href=\"https:\/\/grzybog.picsell.eu\/\" target=\"_blank\"><br \/>\n\t\t\t\t\t\tLink<br \/>\n\t\t\t\t\t\t<svg viewBox=\"0 0 512 512\" xmlns=\"http:\/\/www.w3.org\/2000\/svg\"><path d=\"M326.612 185.391c59.747 59.809 58.927 155.698.36 214.59-.11.12-.24.25-.36.37l-67.2 67.2c-59.27 59.27-155.699 59.262-214.96 0-59.27-59.26-59.27-155.7 0-214.96l37.106-37.106c9.84-9.84 26.786-3.3 27.294 10.606.648 17.722 3.826 35.527 9.69 52.721 1.986 5.822.567 12.262-3.783 16.612l-13.087 13.087c-28.026 28.026-28.905 73.66-1.155 101.96 28.024 28.579 74.086 28.749 102.325.51l67.2-67.19c28.191-28.191 28.073-73.757 0-101.83-3.701-3.694-7.429-6.564-10.341-8.569a16.037 16.037 0 0 1-6.947-12.606c-.396-10.567 3.348-21.456 11.698-29.806l21.054-21.055c5.521-5.521 14.182-6.199 20.584-1.731a152.482 152.482 0 0 1 20.522 17.197zM467.547 44.449c-59.261-59.262-155.69-59.27-214.96 0l-67.2 67.2c-.12.12-.25.25-.36.37-58.566 58.892-59.387 154.781.36 214.59a152.454 152.454 0 0 0 20.521 17.196c6.402 4.468 15.064 3.789 20.584-1.731l21.054-21.055c8.35-8.35 12.094-19.239 11.698-29.806a16.037 16.037 0 0 0-6.947-12.606c-2.912-2.005-6.64-4.875-10.341-8.569-28.073-28.073-28.191-73.639 0-101.83l67.2-67.19c28.239-28.239 74.3-28.069 102.325.51 27.75 28.3 26.872 73.934-1.155 101.96l-13.087 13.087c-4.35 4.35-5.769 10.79-3.783 16.612 5.864 17.194 9.042 34.999 9.69 52.721.509 13.906 17.454 20.446 27.294 10.606l37.106-37.106c59.271-59.259 59.271-155.699.001-214.959z\"><\/path><\/svg>\t\t\t\t\t<\/a><\/p>\n<h2>B\u0105d\u017amy w kontakcie<\/h2>\n<p>Zostaw sw\u00f3j adres email, aby otrzymywa\u0107 informacje o nowo\u015bciach i wydarzeniach. Bez spamu!<\/p>\n<p role=\"status\" aria-live=\"polite\" aria-atomic=\"true\">\n<ul><\/ul>\n<form action=\"\/wp-admin\/admin-ajax.php#wpcf7-f1611-o1\" method=\"post\" aria-label=\"Contact form\" novalidate=\"novalidate\" data-status=\"init\">\n<input type=\"hidden\" name=\"_wpcf7\" value=\"1611\" \/><br \/>\n<input type=\"hidden\" name=\"_wpcf7_version\" value=\"6.0.5\" \/><br \/>\n<input type=\"hidden\" name=\"_wpcf7_locale\" value=\"en_US\" \/><br \/>\n<input type=\"hidden\" name=\"_wpcf7_unit_tag\" value=\"wpcf7-f1611-o1\" \/><br \/>\n<input type=\"hidden\" name=\"_wpcf7_container_post\" value=\"0\" \/><br \/>\n<input type=\"hidden\" name=\"_wpcf7_posted_data_hash\" value=\"\" \/><br \/>\n        <input size=\"40\" maxlength=\"400\" aria-required=\"true\" aria-invalid=\"false\" placeholder=\"Email Address\" value=\"\" type=\"email\" name=\"your-email\" \/><br \/>\n        <input type=\"submit\" value=\"SUBSCRIBE\" \/><br \/>\n<\/form>\n<h2>Informacje<\/h2>\n<ul>\n<li>\n\t\t\t\t\t\t\t\t\t\t\t<a href=\"https:\/\/waldemarborowski.com\/my-account\/\"><br \/>\n\t\t\t\t\t\t\t\t\t\t\tZaloguj si\u0119<br \/>\n\t\t\t\t\t\t\t\t\t\t\t<\/a>\n\t\t\t\t\t\t\t\t\t<\/li>\n<li>\n\t\t\t\t\t\t\t\t\t\t\t<a href=\"https:\/\/waldemarborowski.com\/regulamin\/\"><br \/>\n\t\t\t\t\t\t\t\t\t\t\tRegulamin sklepu<br \/>\n\t\t\t\t\t\t\t\t\t\t\t<\/a>\n\t\t\t\t\t\t\t\t\t<\/li>\n<li>\n\t\t\t\t\t\t\t\t\t\t\t<a href=\"https:\/\/waldemarborowski.com\/polityka-prywatnosci\/\"><br \/>\n\t\t\t\t\t\t\t\t\t\t\tPolityka Prywatno\u015bci<br \/>\n\t\t\t\t\t\t\t\t\t\t\t<\/a>\n\t\t\t\t\t\t\t\t\t<\/li>\n<\/ul>\n<h2>Nawigacja<\/h2>\n<ul>\n<li>\n\t\t\t\t\t\t\t\t\t\t\t<a href=\"https:\/\/waldemarborowski.com\/en\/product-category\/painting\/\"><br \/>\n\t\t\t\t\t\t\t\t\t\t\tMalarstwo<br \/>\n\t\t\t\t\t\t\t\t\t\t\t<\/a>\n\t\t\t\t\t\t\t\t\t<\/li>\n<li>\n\t\t\t\t\t\t\t\t\t\t\t<a href=\"https:\/\/grzybog.picsell.eu\/\"><br \/>\n\t\t\t\t\t\t\t\t\t\t\tReprinty<br \/>\n\t\t\t\t\t\t\t\t\t\t\t<\/a>\n\t\t\t\t\t\t\t\t\t<\/li>\n<li>\n\t\t\t\t\t\t\t\t\t\t\t<a href=\"https:\/\/waldemarborowski.com\/en\/product-category\/murals\/\"><br \/>\n\t\t\t\t\t\t\t\t\t\t\tMurale<br \/>\n\t\t\t\t\t\t\t\t\t\t\t<\/a>\n\t\t\t\t\t\t\t\t\t<\/li>\n<li>\n\t\t\t\t\t\t\t\t\t\t\t<a href=\"https:\/\/waldemarborowski.com\/en\/product-category\/t-shirts-and-gadgets\/\"><br \/>\n\t\t\t\t\t\t\t\t\t\t\tKoszulki i gad\u017cety<br \/>\n\t\t\t\t\t\t\t\t\t\t\t<\/a>\n\t\t\t\t\t\t\t\t\t<\/li>\n<\/ul>\n<ul>\n<li>\n\t\t\t\t\t\t\t\t\t\t\t<a href=\"https:\/\/waldemarborowski.com\/en\/product-category\/books\/\"><br \/>\n\t\t\t\t\t\t\t\t\t\t\tKsi\u0105\u017cki<br \/>\n\t\t\t\t\t\t\t\t\t\t\t<\/a>\n\t\t\t\t\t\t\t\t\t<\/li>\n<li>\n\t\t\t\t\t\t\t\t\t\t\t<a href=\"https:\/\/waldemarborowski.com\/en\/product-category\/ebooki-en\/\"><br \/>\n\t\t\t\t\t\t\t\t\t\t\teBooki<br \/>\n\t\t\t\t\t\t\t\t\t\t\t<\/a>\n\t\t\t\t\t\t\t\t\t<\/li>\n<li>\n\t\t\t\t\t\t\t\t\t\t\t<a href=\"https:\/\/waldemarborowski.com\/en\/product-category\/lectures\/\"><br \/>\n\t\t\t\t\t\t\t\t\t\t\tWyk\u0142ady<br \/>\n\t\t\t\t\t\t\t\t\t\t\t<\/a>\n\t\t\t\t\t\t\t\t\t<\/li>\n<li>\n\t\t\t\t\t\t\t\t\t\t\t<a href=\"https:\/\/waldemarborowski.com\/en\/blog\/\"><br \/>\n\t\t\t\t\t\t\t\t\t\t\tBlog<br \/>\n\t\t\t\t\t\t\t\t\t\t\t<\/a>\n\t\t\t\t\t\t\t\t\t<\/li>\n<\/ul>\n","protected":false},"excerpt":{"rendered":"<p>WHO I AM Waldemar Borowski Visionary, artist, entheogen expert, meme creator. Passionate about the vitarian diet and biology. He runs a blog &nbsp;swietygrzybog.blogspot.com, wrote the books &#8220;Holy Mushroom,&#8221; &#8220;Eucharistia muscaria,&#8221; &#8220;Mushrooms,&#8221; &#8220;Mushroom Health&#8221; and &#8220;Holy Grail &#8211; Holy Mushroom.&#8221;Born in 22.12.1979, he graduated from the Academy of Fine Arts in Warsaw (2006). The artist&#8217;s works [&hellip;]<\/p>\n","protected":false},"author":2,"featured_media":7117,"parent":0,"menu_order":0,"comment_status":"closed","ping_status":"closed","template":"","meta":{"_acf_changed":false,"footnotes":""},"class_list":["post-6351","page","type-page","status-publish","has-post-thumbnail","hentry"],"acf":[],"_links":{"self":[{"href":"https:\/\/waldemarborowski.com\/en\/wp-json\/wp\/v2\/pages\/6351","targetHints":{"allow":["GET"]}}],"collection":[{"href":"https:\/\/waldemarborowski.com\/en\/wp-json\/wp\/v2\/pages"}],"about":[{"href":"https:\/\/waldemarborowski.com\/en\/wp-json\/wp\/v2\/types\/page"}],"author":[{"embeddable":true,"href":"https:\/\/waldemarborowski.com\/en\/wp-json\/wp\/v2\/users\/2"}],"replies":[{"embeddable":true,"href":"https:\/\/waldemarborowski.com\/en\/wp-json\/wp\/v2\/comments?post=6351"}],"version-history":[{"count":5,"href":"https:\/\/waldemarborowski.com\/en\/wp-json\/wp\/v2\/pages\/6351\/revisions"}],"predecessor-version":[{"id":7118,"href":"https:\/\/waldemarborowski.com\/en\/wp-json\/wp\/v2\/pages\/6351\/revisions\/7118"}],"wp:featuredmedia":[{"embeddable":true,"href":"https:\/\/waldemarborowski.com\/en\/wp-json\/wp\/v2\/media\/7117"}],"wp:attachment":[{"href":"https:\/\/waldemarborowski.com\/en\/wp-json\/wp\/v2\/media?parent=6351"}],"curies":[{"name":"wp","href":"https:\/\/api.w.org\/{rel}","templated":true}]}}